{"id":75957,"date":"2025-11-25T10:45:20","date_gmt":"2025-11-25T09:45:20","guid":{"rendered":"https:\/\/specialspex.artitex.dev\/product\/xtra\/"},"modified":"2025-11-25T10:45:20","modified_gmt":"2025-11-25T09:45:20","slug":"xtra","status":"publish","type":"product","link":"https:\/\/specialspex.artitex.dev\/de\/sicherheit\/bolle-safety-xtra\/","title":{"rendered":"Xtra"},"content":{"rendered":"<p data-start=\"124\" data-end=\"451\">Diese Boll\u00e9 Schutzbrille ist ein ger\u00e4umiges Modell, das hervorragenden Schutz bietet. Sie ist EN-166 zertifiziert und sch\u00fctzt vor Staub und kleinen fliegenden Partikeln. Der tiefe Rahmen schlie\u00dft dicht um die Augen ab und ist damit ideal f\u00fcr Bau- und Hobbyhandwerker. Dieses Modell ist f\u00fcr breitere Gesichter geeignet.   <\/p>\n<p data-start=\"453\" data-end=\"753\" data-is-last-node=\"\" data-is-only-node=\"\">- EN-166 zertifizierter Schutz<br data-start=\"489\" data-end=\"492\">- Tiefer, ger\u00e4umiger Rahmen f\u00fcr optimalen Verschluss<br data-start=\"537\" data-end=\"540\">- Ideal f\u00fcr Bau- und Hobbyhandwerker<br data-start=\"574\" data-end=\"577\">- Geeignet f\u00fcr breitere Gesichter<br data-start=\"610\" data-end=\"613\">- Kann mit Korrekturgl\u00e4sern in der gew\u00fcnschten Farbe oder mit Co-T\u00f6nung angefertigt werden<br data-start=\"667\" data-end=\"670\">- Die Brille kann vollst\u00e4ndig individuell angepasst werden<br data-start=\"714\" data-end=\"717\">- Standardm\u00e4\u00dfige klare Gl\u00e4ser enthalten<\/p>\n","protected":false},"excerpt":{"rendered":"<p data-start=\"124\" data-end=\"451\">Diese Boll\u00e9 Schutzbrille ist ein ger\u00e4umiges Modell, das hervorragenden Schutz bietet. Sie ist EN-166 zertifiziert und sch\u00fctzt vor Staub und kleinen fliegenden Partikeln. Der tiefe Rahmen schlie\u00dft dicht um die Augen ab und ist damit ideal f\u00fcr Bau- und Hobbyhandwerker. Dieses Modell ist f\u00fcr breitere Gesichter geeignet.   <\/p>\n<p data-start=\"453\" data-end=\"753\" data-is-last-node=\"\" data-is-only-node=\"\">- EN-166 zertifizierter Schutz<br data-start=\"489\" data-end=\"492\">- Tiefer, ger\u00e4umiger Rahmen f\u00fcr optimalen Verschluss<br data-start=\"537\" data-end=\"540\">- Ideal f\u00fcr Bau- und Hobbyhandwerker<br data-start=\"574\" data-end=\"577\">- Geeignet f\u00fcr breitere Gesichter<br data-start=\"610\" data-end=\"613\">- Kann mit Korrekturgl\u00e4sern in deiner bevorzugten Farbe oder mit Co-T\u00f6nung angefertigt werden<br data-start=\"667\" data-end=\"670\">- Die Brille kann vollst\u00e4ndig an deine W\u00fcnsche angepasst werden<\/p>\n<p data-start=\"467\" data-end=\"757\" data-is-last-node=\"\" data-is-only-node=\"\">- Inklusive Standard-Klarsichtgl\u00e4ser<\/p>\n","protected":false},"featured_media":45112,"template":"","meta":[],"product_brand":[786],"product_cat":[628],"product_tag":[],"class_list":{"0":"post-75957","1":"product","2":"type-product","3":"status-publish","4":"has-post-thumbnail","6":"product_brand-bolle-safety","7":"product_cat-sicherheit","8":"pa_geschikt-voor-frauen","9":"pa_geschikt-voor-manner","10":"pa_kleur-montuur-schwarz","11":"pa_kleur-montuur-weiss","12":"pa_maat-montuur-extra-gros","13":"pa_soort-bril-op-sterkte-mit-sehstaerke","15":"first","16":"instock","17":"shipping-taxable","18":"purchasable","19":"product-type-simple"},"_links":{"self":[{"href":"https:\/\/specialspex.artitex.dev\/de\/wp-json\/wp\/v2\/product\/75957","targetHints":{"allow":["GET"]}}],"collection":[{"href":"https:\/\/specialspex.artitex.dev\/de\/wp-json\/wp\/v2\/product"}],"about":[{"href":"https:\/\/specialspex.artitex.dev\/de\/wp-json\/wp\/v2\/types\/product"}],"wp:featuredmedia":[{"embeddable":true,"href":"https:\/\/specialspex.artitex.dev\/de\/wp-json\/wp\/v2\/media\/45112"}],"wp:attachment":[{"href":"https:\/\/specialspex.artitex.dev\/de\/wp-json\/wp\/v2\/media?parent=75957"}],"wp:term":[{"taxonomy":"product_brand","embeddable":true,"href":"https:\/\/specialspex.artitex.dev\/de\/wp-json\/wp\/v2\/product_brand?post=75957"},{"taxonomy":"product_cat","embeddable":true,"href":"https:\/\/specialspex.artitex.dev\/de\/wp-json\/wp\/v2\/product_cat?post=75957"},{"taxonomy":"product_tag","embeddable":true,"href":"https:\/\/specialspex.artitex.dev\/de\/wp-json\/wp\/v2\/product_tag?post=75957"}],"curies":[{"name":"wp","href":"https:\/\/api.w.org\/{rel}","templated":true}]}}