{"id":75960,"date":"2025-11-25T10:40:43","date_gmt":"2025-11-25T09:40:43","guid":{"rendered":"https:\/\/specialspex.artitex.dev\/product\/cyclone\/"},"modified":"2026-04-18T12:08:59","modified_gmt":"2026-04-18T10:08:59","slug":"cyclone","status":"publish","type":"product","link":"https:\/\/specialspex.artitex.dev\/de\/sicherheit\/eyres-cyclone\/","title":{"rendered":"Cyclone"},"content":{"rendered":"<p data-start=\"233\" data-end=\"792\">Die Eyres Cyclone 331 ist eine sch\u00fctzende und sportliche Schutzbrille, die den Bereich um die Augen optimal abschirmt. Dank der integrierten B\u00fcgel und der verstellbaren Nasenpads liegt die Brille eng am Gesicht an und bietet zus\u00e4tzlichen Schutz vor Staub, Schmutz und herumfliegenden Partikeln. Der Rahmen ist aus hochwertigem Polycarbonat und TR-Material gefertigt, was eine langlebige und leichte Konstruktion gew\u00e4hrleistet. Der auff\u00e4llige Kohlefaser-Look mit orangefarbenen Akzenten verleiht der Cyclone 331 einen modernen, energiegeladenen Look.   <\/p>\n<p data-start=\"794\" data-end=\"1216\">- Schutzkonstruktion, die die Augenpartie optimal abschirmt<br data-start=\"863\" data-end=\"866\">- Hochwertige Materialien: Polycarbonat und TR f\u00fcr Langlebigkeit und Komfort<br data-start=\"941\" data-end=\"944\">- Seitenteile f\u00fcr zus\u00e4tzlichen Schutz vor Schmutz, Staub und UV-Einfl\u00fcssen<br data-start=\"1010\" data-end=\"1013\">- Verstellbare Nasenpads f\u00fcr eine stabile und individuelle Passform<br data-start=\"1077\" data-end=\"1080\">- Sportliches Design mit Kohlefaseroptik und orangefarbenen Details<br data-start=\"1136\" data-end=\"1139\">- Kann in verschreibungspflichtiger St\u00e4rke gem\u00e4\u00df EN-166 Normung geliefert werden<br data-start=\"1187\" data-end=\"1190\">- Schutzh\u00fclle im Lieferumfang enthalten<\/p>\n","protected":false},"excerpt":{"rendered":"<p data-start=\"233\" data-end=\"792\">Die Eyres Cyclone 331 ist eine sch\u00fctzende und sportliche Schutzbrille, die den Bereich um die Augen optimal abschirmt. Dank der integrierten B\u00fcgel und der verstellbaren Nasenpads liegt die Brille eng am Gesicht an und bietet zus\u00e4tzlichen Schutz vor Staub, Schmutz und herumfliegenden Partikeln. Der Rahmen ist aus hochwertigem Polycarbonat und TR-Material gefertigt, was eine langlebige und leichte Konstruktion gew\u00e4hrleistet. Der auff\u00e4llige Kohlefaser-Look mit orangefarbenen Akzenten verleiht der Cyclone 331 einen modernen, energiegeladenen Look.   <\/p>\n<p data-start=\"794\" data-end=\"1216\">- Schutzkonstruktion, die die Augenpartie optimal abschirmt<br data-start=\"863\" data-end=\"866\">- Hochwertige Materialien: Polycarbonat und TR f\u00fcr Langlebigkeit und Komfort<br data-start=\"941\" data-end=\"944\">- Seitenteile f\u00fcr zus\u00e4tzlichen Schutz vor Schmutz, Staub und UV-Einfl\u00fcssen<br data-start=\"1010\" data-end=\"1013\">- Verstellbare Nasenpads f\u00fcr eine stabile und individuelle Passform<br data-start=\"1077\" data-end=\"1080\">- Sportliches Design mit Kohlefaseroptik und orangefarbenen Details<br data-start=\"1136\" data-end=\"1139\">- Kann in verschreibungspflichtiger St\u00e4rke gem\u00e4\u00df EN-166-Normierung geliefert werden<br data-start=\"1187\" data-end=\"1190\">- Schutzh\u00fclle im Lieferumfang enthalten<\/p>\n","protected":false},"featured_media":66189,"template":"","meta":[],"product_brand":[791],"product_cat":[628],"product_tag":[],"class_list":{"0":"post-75960","1":"product","2":"type-product","3":"status-publish","4":"has-post-thumbnail","6":"product_brand-eyres","7":"product_cat-sicherheit","8":"pa_geschikt-voor-frauen","9":"pa_geschikt-voor-manner","10":"pa_kleur-montuur-grau","11":"pa_kleur-montuur-orange","12":"pa_maat-montuur-extra-gros","13":"pa_maat-montuur-gross","14":"pa_soort-bril-op-sterkte-mit-sehstaerke","16":"first","17":"instock","18":"shipping-taxable","19":"purchasable","20":"product-type-simple"},"_links":{"self":[{"href":"https:\/\/specialspex.artitex.dev\/de\/wp-json\/wp\/v2\/product\/75960","targetHints":{"allow":["GET"]}}],"collection":[{"href":"https:\/\/specialspex.artitex.dev\/de\/wp-json\/wp\/v2\/product"}],"about":[{"href":"https:\/\/specialspex.artitex.dev\/de\/wp-json\/wp\/v2\/types\/product"}],"wp:featuredmedia":[{"embeddable":true,"href":"https:\/\/specialspex.artitex.dev\/de\/wp-json\/wp\/v2\/media\/66189"}],"wp:attachment":[{"href":"https:\/\/specialspex.artitex.dev\/de\/wp-json\/wp\/v2\/media?parent=75960"}],"wp:term":[{"taxonomy":"product_brand","embeddable":true,"href":"https:\/\/specialspex.artitex.dev\/de\/wp-json\/wp\/v2\/product_brand?post=75960"},{"taxonomy":"product_cat","embeddable":true,"href":"https:\/\/specialspex.artitex.dev\/de\/wp-json\/wp\/v2\/product_cat?post=75960"},{"taxonomy":"product_tag","embeddable":true,"href":"https:\/\/specialspex.artitex.dev\/de\/wp-json\/wp\/v2\/product_tag?post=75960"}],"curies":[{"name":"wp","href":"https:\/\/api.w.org\/{rel}","templated":true}]}}