{"id":75962,"date":"2025-11-25T10:38:55","date_gmt":"2025-11-25T09:38:55","guid":{"rendered":"https:\/\/specialspex.artitex.dev\/product\/baxter-rx\/"},"modified":"2025-11-25T10:38:55","modified_gmt":"2025-11-25T09:38:55","slug":"baxter-rx","status":"publish","type":"product","link":"https:\/\/specialspex.artitex.dev\/de\/sportbrille\/schiessbrille\/airsoft\/bolle-safety-baxter-rx\/","title":{"rendered":"Baxter RX"},"content":{"rendered":"<p data-start=\"93\" data-end=\"465\">Die Baxter Schutzbrille bietet dank des eng anliegenden Rahmens optimalen Komfort. Das Modell hat einen luftdichten Schaumstoff auf der R\u00fcckseite und ein cleveres Befestigungssystem f\u00fcr das elastische Kopfband, das zusammen mit der Schaumstoffschicht leicht entfernt werden kann. Die Brille ist EN-166-zertifiziert und sch\u00fctzt effektiv vor fliegenden festen und fl\u00fcssigen Partikeln und Staub.  <\/p>\n<p data-start=\"467\" data-end=\"757\" data-is-last-node=\"\" data-is-only-node=\"\">- EN-166 zertifizierter Schutz<br data-start=\"503\" data-end=\"506\">- Eng anliegender Rahmen f\u00fcr maximalen Komfort<br data-start=\"554\" data-end=\"557\">- Luftdichter Schaumstoff und abnehmbares Kopfband<br data-start=\"601\" data-end=\"604\">- Korrekturgl\u00e4ser k\u00f6nnen mit speziell gew\u00f6lbten Gl\u00e4sern angefertigt werden<br data-start=\"654\" data-end=\"657\">- Die Brille kann vollst\u00e4ndig individuell angepasst werden, einschlie\u00dflich Co-T\u00f6nung<br data-start=\"718\" data-end=\"721\">- Standardm\u00e4\u00dfige klare Gl\u00e4ser im Lieferumfang enthalten<\/p>\n","protected":false},"excerpt":{"rendered":"<p data-start=\"93\" data-end=\"465\">Die Baxter Schutzbrille bietet dank des eng anliegenden Rahmens optimalen Komfort. Das Modell hat einen luftdichten Schaumstoff auf der R\u00fcckseite und ein cleveres Befestigungssystem f\u00fcr das elastische Kopfband, das zusammen mit der Schaumstoffschicht leicht entfernt werden kann. Die Brille ist EN-166-zertifiziert und sch\u00fctzt effektiv vor fliegenden festen und fl\u00fcssigen Partikeln und Staub.  <\/p>\n<p data-start=\"467\" data-end=\"757\" data-is-last-node=\"\" data-is-only-node=\"\">- EN-166 zertifizierter Schutz<br data-start=\"503\" data-end=\"506\">- Eng anliegender Rahmen f\u00fcr maximalen Komfort<br data-start=\"554\" data-end=\"557\">- Luftdichter Schaumstoff und abnehmbares Kopfband<br data-start=\"601\" data-end=\"604\">- Korrekturgl\u00e4ser k\u00f6nnen mit speziellen gew\u00f6lbten Gl\u00e4sern hergestellt werden<br data-start=\"654\" data-end=\"657\">- Die Brille kann vollst\u00e4ndig angepasst werden, einschlie\u00dflich selbstt\u00f6nender Gl\u00e4ser<br data-start=\"718\" data-end=\"721\">- Standardm\u00e4\u00dfige klare Gl\u00e4ser im Lieferumfang enthalten<\/p>\n","protected":false},"featured_media":44578,"template":"","meta":[],"product_brand":[786],"product_cat":[628,710,711,709],"product_tag":[],"class_list":{"0":"post-75962","1":"product","2":"type-product","3":"status-publish","4":"has-post-thumbnail","6":"product_brand-bolle-safety","7":"product_cat-sicherheit","8":"product_cat-airsoft","9":"product_cat-pistolenschiessen","10":"product_cat-schiessbrille","11":"pa_geschikt-voor-frauen","12":"pa_geschikt-voor-manner","13":"pa_kleur-montuur-blau","14":"pa_maat-montuur-extra-gros","15":"pa_maat-montuur-gross","16":"pa_soort-bril-op-sterkte-mit-sehstaerke","18":"first","19":"instock","20":"shipping-taxable","21":"purchasable","22":"product-type-simple"},"_links":{"self":[{"href":"https:\/\/specialspex.artitex.dev\/de\/wp-json\/wp\/v2\/product\/75962","targetHints":{"allow":["GET"]}}],"collection":[{"href":"https:\/\/specialspex.artitex.dev\/de\/wp-json\/wp\/v2\/product"}],"about":[{"href":"https:\/\/specialspex.artitex.dev\/de\/wp-json\/wp\/v2\/types\/product"}],"wp:featuredmedia":[{"embeddable":true,"href":"https:\/\/specialspex.artitex.dev\/de\/wp-json\/wp\/v2\/media\/44578"}],"wp:attachment":[{"href":"https:\/\/specialspex.artitex.dev\/de\/wp-json\/wp\/v2\/media?parent=75962"}],"wp:term":[{"taxonomy":"product_brand","embeddable":true,"href":"https:\/\/specialspex.artitex.dev\/de\/wp-json\/wp\/v2\/product_brand?post=75962"},{"taxonomy":"product_cat","embeddable":true,"href":"https:\/\/specialspex.artitex.dev\/de\/wp-json\/wp\/v2\/product_cat?post=75962"},{"taxonomy":"product_tag","embeddable":true,"href":"https:\/\/specialspex.artitex.dev\/de\/wp-json\/wp\/v2\/product_tag?post=75962"}],"curies":[{"name":"wp","href":"https:\/\/api.w.org\/{rel}","templated":true}]}}