{"id":75964,"date":"2025-11-25T10:25:01","date_gmt":"2025-11-25T09:25:01","guid":{"rendered":"https:\/\/specialspex.artitex.dev\/product\/mystique\/"},"modified":"2025-11-25T10:25:01","modified_gmt":"2025-11-25T09:25:01","slug":"mystique","status":"publish","type":"product","link":"https:\/\/specialspex.artitex.dev\/de\/sicherheit\/eyres-mystique\/","title":{"rendered":"Mystique"},"content":{"rendered":"<p data-start=\"194\" data-end=\"687\">Die Eyres Mystique ist eine moderne Schutzbrille mit einem Wrap-around-Design, das eng am Gesicht anliegt und einen hervorragenden Seitenschutz bietet. Die gebogene Form sorgt f\u00fcr ein weites und stabiles Sichtfeld, ideal f\u00fcr Arbeitspl\u00e4tze, an denen sowohl \u00dcbersicht als auch Schutz wichtig sind. Durch das leichte und bequeme Design ist die Mystique auch f\u00fcr l\u00e4ngeres Tragen geeignet, w\u00e4hrend die sto\u00dffesten Sicherheitsgl\u00e4ser einen effektiven Schutz gegen St\u00f6\u00dfe und umherfliegende Partikel bieten.  <\/p>\n<p data-start=\"689\" data-end=\"1060\">- Wrap-around-Design f\u00fcr optimale seitliche Abdeckung und ein stabiles Sichtfeld<br data-start=\"772\" data-end=\"775\">- Leichte Konstruktion f\u00fcr lang anhaltenden Tragekomfort<br data-start=\"829\" data-end=\"832\">- Schlagfeste Sicherheitsgl\u00e4ser f\u00fcr zuverl\u00e4ssigen Aufprallschutz<br data-start=\"896\" data-end=\"899\">- Bequeme Passform, die bei einer Vielzahl von Aktivit\u00e4ten an Ort und Stelle bleibt<br data-start=\"980\" data-end=\"983\">- Kann mit Korrekturgl\u00e4sern gem\u00e4\u00df EN-166-Normierung geliefert werden<br data-start=\"1031\" data-end=\"1034\">- Schutzetui im Lieferumfang enthalten<\/p>\n","protected":false},"excerpt":{"rendered":"<p data-start=\"194\" data-end=\"687\">Die Eyres Mystique ist eine moderne Schutzbrille mit einem Wrap-around-Design, das eng am Gesicht anliegt und einen hervorragenden Seitenschutz bietet. Die gebogene Form sorgt f\u00fcr ein weites und stabiles Sichtfeld, ideal f\u00fcr Arbeitspl\u00e4tze, an denen sowohl \u00dcbersicht als auch Schutz wichtig sind. Durch das leichte und bequeme Design ist die Mystique auch f\u00fcr l\u00e4ngeres Tragen geeignet, w\u00e4hrend die sto\u00dffesten Sicherheitsgl\u00e4ser einen effektiven Schutz gegen St\u00f6\u00dfe und umherfliegende Partikel bieten.  <\/p>\n<p data-start=\"689\" data-end=\"1060\">- Wrap-around-Design f\u00fcr optimale seitliche Abdeckung und ein stabiles Sichtfeld<br data-start=\"772\" data-end=\"775\">- Leichte Konstruktion f\u00fcr lang anhaltenden Tragekomfort<br data-start=\"829\" data-end=\"832\">- Schlagfeste Sicherheitsgl\u00e4ser f\u00fcr zuverl\u00e4ssigen Aufprallschutz<br data-start=\"896\" data-end=\"899\">- Bequeme Passform, die bei einer Vielzahl von Aktivit\u00e4ten an Ort und Stelle bleibt<br data-start=\"980\" data-end=\"983\">- Kann mit Korrekturgl\u00e4sern gem\u00e4\u00df EN-166-Normierung geliefert werden<br data-start=\"1031\" data-end=\"1034\">- Schutzetui im Lieferumfang enthalten<\/p>\n","protected":false},"featured_media":66166,"template":"","meta":[],"product_brand":[791],"product_cat":[628],"product_tag":[],"class_list":{"0":"post-75964","1":"product","2":"type-product","3":"status-publish","4":"has-post-thumbnail","6":"product_brand-eyres","7":"product_cat-sicherheit","8":"pa_geschikt-voor-frauen","9":"pa_geschikt-voor-manner","10":"pa_kleur-montuur-blau","11":"pa_kleur-montuur-weiss","12":"pa_maat-montuur-extra-gros","13":"pa_maat-montuur-gross","14":"pa_soort-bril-op-sterkte-mit-sehstaerke","16":"first","17":"instock","18":"shipping-taxable","19":"purchasable","20":"product-type-simple"},"_links":{"self":[{"href":"https:\/\/specialspex.artitex.dev\/de\/wp-json\/wp\/v2\/product\/75964","targetHints":{"allow":["GET"]}}],"collection":[{"href":"https:\/\/specialspex.artitex.dev\/de\/wp-json\/wp\/v2\/product"}],"about":[{"href":"https:\/\/specialspex.artitex.dev\/de\/wp-json\/wp\/v2\/types\/product"}],"wp:featuredmedia":[{"embeddable":true,"href":"https:\/\/specialspex.artitex.dev\/de\/wp-json\/wp\/v2\/media\/66166"}],"wp:attachment":[{"href":"https:\/\/specialspex.artitex.dev\/de\/wp-json\/wp\/v2\/media?parent=75964"}],"wp:term":[{"taxonomy":"product_brand","embeddable":true,"href":"https:\/\/specialspex.artitex.dev\/de\/wp-json\/wp\/v2\/product_brand?post=75964"},{"taxonomy":"product_cat","embeddable":true,"href":"https:\/\/specialspex.artitex.dev\/de\/wp-json\/wp\/v2\/product_cat?post=75964"},{"taxonomy":"product_tag","embeddable":true,"href":"https:\/\/specialspex.artitex.dev\/de\/wp-json\/wp\/v2\/product_tag?post=75964"}],"curies":[{"name":"wp","href":"https:\/\/api.w.org\/{rel}","templated":true}]}}