{"id":75967,"date":"2025-11-25T09:49:33","date_gmt":"2025-11-25T08:49:33","guid":{"rendered":"https:\/\/specialspex.artitex.dev\/product\/linear\/"},"modified":"2025-11-25T09:49:33","modified_gmt":"2025-11-25T08:49:33","slug":"linear","status":"publish","type":"product","link":"https:\/\/specialspex.artitex.dev\/de\/sicherheit\/eyres-linear\/","title":{"rendered":"Linear"},"content":{"rendered":"<p data-start=\"279\" data-end=\"753\">Die Eyres Linear ist eine komfortable und leichte Schutzbrille f\u00fcr Profis, die eine klassische, elegante Schutzbrille mit zuverl\u00e4ssigem Schutz kombinieren wollen. Das zeitlose Design macht dieses Modell f\u00fcr eine Vielzahl von Arbeitsumgebungen geeignet, von der Industrie bis zum Labor. Die schlagfesten Sicherheitsgl\u00e4ser sch\u00fctzen vor St\u00f6\u00dfen und umherfliegenden Partikeln, w\u00e4hrend die seitlichen Schutzklappen f\u00fcr zus\u00e4tzliche seitliche Sicherheit sorgen.  <\/p>\n<p data-start=\"755\" data-end=\"1151\">- Leichtes Design f\u00fcr lang anhaltenden Tragekomfort<br data-start=\"811\" data-end=\"814\">- Schlagfeste Sicherheitsgl\u00e4ser f\u00fcr zuverl\u00e4ssigen Schutz bei Industrie- und Ingenieursarbeiten<br data-start=\"920\" data-end=\"923\">- Klassischer und eleganter Look, der zu verschiedenen Arbeitsumgebungen passt<br data-start=\"995\" data-end=\"998\">- Seitenschutz durch Schutzklappen an den Seiten der Brille<br data-start=\"1071\" data-end=\"1074\">- Kann mit Korrektionsgl\u00e4sern nach EN-166-Normung geliefert werden<br data-start=\"1122\" data-end=\"1125\">- Schutzh\u00fclle im Lieferumfang enthalten<\/p>\n","protected":false},"excerpt":{"rendered":"<p data-start=\"279\" data-end=\"753\">Die Eyres Linear ist eine komfortable und leichte Schutzbrille f\u00fcr Profis, die eine klassische, elegante Schutzbrille mit zuverl\u00e4ssigem Schutz kombinieren wollen. Das zeitlose Design macht dieses Modell f\u00fcr eine Vielzahl von Arbeitsumgebungen geeignet, von der Industrie bis zum Labor. Die schlagfesten Sicherheitsgl\u00e4ser sch\u00fctzen vor St\u00f6\u00dfen und umherfliegenden Partikeln, w\u00e4hrend die seitlichen Schutzklappen f\u00fcr zus\u00e4tzliche Sicherheit sorgen.  <\/p>\n<p data-start=\"755\" data-end=\"1151\">- Leichtes Design f\u00fcr lang anhaltenden Tragekomfort<br data-start=\"811\" data-end=\"814\">- Schlagfeste Sicherheitsgl\u00e4ser f\u00fcr zuverl\u00e4ssigen Schutz bei Industrie- und Ingenieursarbeiten<br data-start=\"920\" data-end=\"923\">- Klassischer und eleganter Look, der zu verschiedenen Arbeitsumgebungen passt<br data-start=\"995\" data-end=\"998\">- Seitenschutz durch Schutzklappen an den Seiten der Brille<br data-start=\"1071\" data-end=\"1074\">- Kann mit Korrektionsgl\u00e4sern nach EN-166-Normung geliefert werden<br data-start=\"1122\" data-end=\"1125\">- Schutzh\u00fclle im Lieferumfang enthalten<\/p>\n","protected":false},"featured_media":66145,"template":"","meta":[],"product_brand":[791],"product_cat":[628],"product_tag":[],"class_list":{"0":"post-75967","1":"product","2":"type-product","3":"status-publish","4":"has-post-thumbnail","6":"product_brand-eyres","7":"product_cat-sicherheit","8":"pa_geschikt-voor-frauen","9":"pa_geschikt-voor-manner","10":"pa_kleur-montuur-schwarz","11":"pa_maat-montuur-gross","12":"pa_maat-montuur-medium","13":"pa_soort-bril-op-sterkte-geeignet-fuer-hohe-staerken","14":"pa_soort-bril-op-sterkte-mit-sehstaerke","16":"first","17":"instock","18":"shipping-taxable","19":"purchasable","20":"product-type-simple"},"_links":{"self":[{"href":"https:\/\/specialspex.artitex.dev\/de\/wp-json\/wp\/v2\/product\/75967","targetHints":{"allow":["GET"]}}],"collection":[{"href":"https:\/\/specialspex.artitex.dev\/de\/wp-json\/wp\/v2\/product"}],"about":[{"href":"https:\/\/specialspex.artitex.dev\/de\/wp-json\/wp\/v2\/types\/product"}],"wp:featuredmedia":[{"embeddable":true,"href":"https:\/\/specialspex.artitex.dev\/de\/wp-json\/wp\/v2\/media\/66145"}],"wp:attachment":[{"href":"https:\/\/specialspex.artitex.dev\/de\/wp-json\/wp\/v2\/media?parent=75967"}],"wp:term":[{"taxonomy":"product_brand","embeddable":true,"href":"https:\/\/specialspex.artitex.dev\/de\/wp-json\/wp\/v2\/product_brand?post=75967"},{"taxonomy":"product_cat","embeddable":true,"href":"https:\/\/specialspex.artitex.dev\/de\/wp-json\/wp\/v2\/product_cat?post=75967"},{"taxonomy":"product_tag","embeddable":true,"href":"https:\/\/specialspex.artitex.dev\/de\/wp-json\/wp\/v2\/product_tag?post=75967"}],"curies":[{"name":"wp","href":"https:\/\/api.w.org\/{rel}","templated":true}]}}