{"id":75984,"date":"2025-11-24T17:42:25","date_gmt":"2025-11-24T16:42:25","guid":{"rendered":"https:\/\/specialspex.artitex.dev\/product\/optix-172-54\/"},"modified":"2025-11-24T17:42:25","modified_gmt":"2025-11-24T16:42:25","slug":"optix-172-54","status":"publish","type":"product","link":"https:\/\/specialspex.artitex.dev\/de\/sicherheit\/eyres-optix-172-54\/","title":{"rendered":"Optix 172 54"},"content":{"rendered":"<p data-start=\"279\" data-end=\"762\">Die Optix 172 in Gr\u00f6\u00dfe 54 ist eine robuste und funktionale Sicherheitsbrille f\u00fcr Berufst\u00e4tige, die zuverl\u00e4ssigen Schutz mit korrigierendem Sehen kombinieren wollen. Die Fassung hat eine langlebige Konstruktion und bietet eine bequeme Passform f\u00fcr den langfristigen Einsatz in industriellen, technischen und Laborumgebungen. Dank der breiten Passform ist dieses Modell f\u00fcr verschiedene Gesichtstypen geeignet und bietet ausreichend Platz f\u00fcr Korrekturgl\u00e4ser gem\u00e4\u00df den geltenden Sicherheitsnormen.  <\/p>\n<p data-start=\"764\" data-end=\"1164\">- Langlebiges und stabiles Rahmendesign f\u00fcr den t\u00e4glichen Einsatz in anspruchsvollen Arbeitsumgebungen<br data-start=\"854\" data-end=\"857\">- Bequeme Passform in Gr\u00f6\u00dfe 54, geeignet f\u00fcr mittlere bis gr\u00f6\u00dfere Gesichtsformen<br data-start=\"944\" data-end=\"947\">- Guter seitlicher Schutz dank der Form des Rahmens<br data-start=\"1010\" data-end=\"1013\">- Geeignet f\u00fcr den intensiven Einsatz in der Industrie, im Maschinenbau und in Laboren<br data-start=\"1084\" data-end=\"1087\">- Kann mit Korrektionsgl\u00e4sern nach EN-166-Normierung geliefert werden<\/p>\n","protected":false},"excerpt":{"rendered":"<p data-start=\"279\" data-end=\"762\">Die Optix 172 in Gr\u00f6\u00dfe 54 ist eine robuste und funktionale Sicherheitsbrille f\u00fcr Berufst\u00e4tige, die zuverl\u00e4ssigen Schutz mit korrigierendem Sehen kombinieren wollen. Die Fassung hat eine langlebige Konstruktion und bietet eine bequeme Passform f\u00fcr den langfristigen Einsatz in industriellen, technischen und Laborumgebungen. Dank der breiten Passform ist dieses Modell f\u00fcr verschiedene Gesichtstypen geeignet und bietet ausreichend Platz f\u00fcr Korrekturgl\u00e4ser gem\u00e4\u00df den geltenden Sicherheitsnormen.  <\/p>\n<p data-start=\"764\" data-end=\"1164\">- Langlebiges und stabiles Rahmendesign f\u00fcr den t\u00e4glichen Einsatz in anspruchsvollen Arbeitsumgebungen<br data-start=\"854\" data-end=\"857\">- Bequeme Passform in Gr\u00f6\u00dfe 54, geeignet f\u00fcr mittlere bis gr\u00f6\u00dfere Gesichtsformen<br data-start=\"944\" data-end=\"947\">- Guter seitlicher Schutz dank der Form des Rahmens<br data-start=\"1010\" data-end=\"1013\">- Geeignet f\u00fcr den intensiven Einsatz in der Industrie, im Maschinenbau und in Laboren<br data-start=\"1084\" data-end=\"1087\">- Kann auf Rezept nach der EN-166-Normierung bezogen werden<\/p>\n","protected":false},"featured_media":16688,"template":"","meta":[],"product_brand":[791],"product_cat":[628],"product_tag":[],"class_list":{"0":"post-75984","1":"product","2":"type-product","3":"status-publish","4":"has-post-thumbnail","6":"product_brand-eyres","7":"product_cat-sicherheit","8":"pa_geschikt-voor-frauen","9":"pa_geschikt-voor-manner","10":"pa_kleur-montuur-braun","11":"pa_maat-montuur-gross","12":"pa_soort-bril-op-sterkte-geeignet-fuer-hohe-staerken","13":"pa_soort-bril-op-sterkte-mit-sehstaerke","15":"first","16":"instock","17":"shipping-taxable","18":"purchasable","19":"product-type-simple"},"_links":{"self":[{"href":"https:\/\/specialspex.artitex.dev\/de\/wp-json\/wp\/v2\/product\/75984","targetHints":{"allow":["GET"]}}],"collection":[{"href":"https:\/\/specialspex.artitex.dev\/de\/wp-json\/wp\/v2\/product"}],"about":[{"href":"https:\/\/specialspex.artitex.dev\/de\/wp-json\/wp\/v2\/types\/product"}],"wp:featuredmedia":[{"embeddable":true,"href":"https:\/\/specialspex.artitex.dev\/de\/wp-json\/wp\/v2\/media\/16688"}],"wp:attachment":[{"href":"https:\/\/specialspex.artitex.dev\/de\/wp-json\/wp\/v2\/media?parent=75984"}],"wp:term":[{"taxonomy":"product_brand","embeddable":true,"href":"https:\/\/specialspex.artitex.dev\/de\/wp-json\/wp\/v2\/product_brand?post=75984"},{"taxonomy":"product_cat","embeddable":true,"href":"https:\/\/specialspex.artitex.dev\/de\/wp-json\/wp\/v2\/product_cat?post=75984"},{"taxonomy":"product_tag","embeddable":true,"href":"https:\/\/specialspex.artitex.dev\/de\/wp-json\/wp\/v2\/product_tag?post=75984"}],"curies":[{"name":"wp","href":"https:\/\/api.w.org\/{rel}","templated":true}]}}