{"id":75986,"date":"2025-11-24T17:32:26","date_gmt":"2025-11-24T16:32:26","guid":{"rendered":"https:\/\/specialspex.artitex.dev\/product\/b809-wide\/"},"modified":"2026-04-18T12:09:03","modified_gmt":"2026-04-18T10:09:03","slug":"b809-wide","status":"publish","type":"product","link":"https:\/\/specialspex.artitex.dev\/de\/sicherheit\/bolle-safety-b809-wide\/","title":{"rendered":"B809 Wide"},"content":{"rendered":"<p data-start=\"123\" data-end=\"426\">Diese Boll\u00e9 Schutzbrille kombiniert ein effektives und diskretes Design mit maximalem Schutz. Das Modell ist die breitere Version der B809 Medium und bietet dank der integrierten Seitenschilde Schutz vor fliegenden Partikeln, Fl\u00fcssigkeiten und Staub. Sie ist standardm\u00e4\u00dfig EN-166-zertifiziert.  <\/p>\n<p data-start=\"428\" data-end=\"702\" data-is-last-node=\"\" data-is-only-node=\"\">- EN-166 zertifizierter Schutz<br data-start=\"464\" data-end=\"467\">- Integrierte Seitenkappen f\u00fcr zus\u00e4tzliche Sicherheit<br data-start=\"514\" data-end=\"517\">- Breiteres Modell, Version von B809 Medium<br data-start=\"559\" data-end=\"562\">- Kann in jeder Farbe nach Ma\u00df gefertigt werden<br data-start=\"616\" data-end=\"619\">- Die Brille kann nach Wunsch komplett montiert werden<\/p>\n","protected":false},"excerpt":{"rendered":"<p data-start=\"123\" data-end=\"426\">Diese Boll\u00e9 Schutzbrille kombiniert ein effektives und diskretes Design mit maximalem Schutz. Das Modell ist die breitere Version der B809 Medium und bietet dank der integrierten Seitenschilde Schutz vor fliegenden Partikeln, Fl\u00fcssigkeiten und Staub. Sie ist standardm\u00e4\u00dfig EN-166-zertifiziert.  <\/p>\n<p data-start=\"428\" data-end=\"702\" data-is-last-node=\"\" data-is-only-node=\"\">- EN-166 zertifizierter Schutz<br data-start=\"464\" data-end=\"467\">- Integrierte Seitenkappen f\u00fcr zus\u00e4tzliche Sicherheit<br data-start=\"514\" data-end=\"517\">- Breiteres Modell, Version von B809 Medium<br data-start=\"559\" data-end=\"562\">- Kann in jeder Farbe nach Ma\u00df gefertigt werden<br data-start=\"616\" data-end=\"619\">- Die Brille kann nach Wunsch komplett montiert werden<\/p>\n","protected":false},"featured_media":45088,"template":"","meta":[],"product_brand":[786],"product_cat":[628],"product_tag":[],"class_list":{"0":"post-75986","1":"product","2":"type-product","3":"status-publish","4":"has-post-thumbnail","6":"product_brand-bolle-safety","7":"product_cat-sicherheit","8":"pa_geschikt-voor-frauen","9":"pa_geschikt-voor-manner","10":"pa_kleur-montuur-transparent-klar","11":"pa_maat-montuur-gross","12":"pa_maat-montuur-medium","13":"pa_soort-bril-op-sterkte-geeignet-fuer-hohe-staerken","14":"pa_soort-bril-op-sterkte-mit-sehstaerke","16":"first","17":"instock","18":"shipping-taxable","19":"purchasable","20":"product-type-simple"},"_links":{"self":[{"href":"https:\/\/specialspex.artitex.dev\/de\/wp-json\/wp\/v2\/product\/75986","targetHints":{"allow":["GET"]}}],"collection":[{"href":"https:\/\/specialspex.artitex.dev\/de\/wp-json\/wp\/v2\/product"}],"about":[{"href":"https:\/\/specialspex.artitex.dev\/de\/wp-json\/wp\/v2\/types\/product"}],"wp:featuredmedia":[{"embeddable":true,"href":"https:\/\/specialspex.artitex.dev\/de\/wp-json\/wp\/v2\/media\/45088"}],"wp:attachment":[{"href":"https:\/\/specialspex.artitex.dev\/de\/wp-json\/wp\/v2\/media?parent=75986"}],"wp:term":[{"taxonomy":"product_brand","embeddable":true,"href":"https:\/\/specialspex.artitex.dev\/de\/wp-json\/wp\/v2\/product_brand?post=75986"},{"taxonomy":"product_cat","embeddable":true,"href":"https:\/\/specialspex.artitex.dev\/de\/wp-json\/wp\/v2\/product_cat?post=75986"},{"taxonomy":"product_tag","embeddable":true,"href":"https:\/\/specialspex.artitex.dev\/de\/wp-json\/wp\/v2\/product_tag?post=75986"}],"curies":[{"name":"wp","href":"https:\/\/api.w.org\/{rel}","templated":true}]}}