{"id":75993,"date":"2025-11-24T17:25:28","date_gmt":"2025-11-24T16:25:28","guid":{"rendered":"https:\/\/specialspex.artitex.dev\/product\/b809-medium\/"},"modified":"2026-04-18T12:09:03","modified_gmt":"2026-04-18T10:09:03","slug":"b809-medium","status":"publish","type":"product","link":"https:\/\/specialspex.artitex.dev\/de\/sicherheit\/bolle-safety-b809-medium\/","title":{"rendered":"B809 Medium"},"content":{"rendered":"<p data-start=\"124\" data-end=\"431\">Diese Boll\u00e9 Schutzbrille hat ein effektives und diskretes Design mit maximaler Sicherheit. Das Modell ist kompakt und ist die kleinere Version der B809 Wide. Dank der integrierten Seitenschilde sch\u00fctzt sie vor umherfliegenden Partikeln, Fl\u00fcssigkeiten und Staub und ist standardm\u00e4\u00dfig EN-166 zertifiziert.  <\/p>\n<p data-start=\"433\" data-end=\"711\" data-is-last-node=\"\" data-is-only-node=\"\">- EN-166-zertifizierter Schutz<br data-start=\"469\" data-end=\"472\">- Integrierte Seitenabdeckungen f\u00fcr zus\u00e4tzliche Sicherheit<br data-start=\"519\" data-end=\"522\">- Kompaktes Modell, kleinere Version der B809 Wide<br data-start=\"568\" data-end=\"571\">- Kann in jeder beliebigen Farbe verschrieben werden<br data-start=\"625\" data-end=\"628\">- Die Brille kann nach Belieben komplett montiert werden<\/p>\n","protected":false},"excerpt":{"rendered":"<p data-start=\"124\" data-end=\"431\">Diese Boll\u00e9 Schutzbrille hat ein effektives und diskretes Design mit maximaler Sicherheit. Das Modell ist kompakt und ist die kleinere Version der B809 Wide. Dank der integrierten Seitenschilde sch\u00fctzt sie vor umherfliegenden Partikeln, Fl\u00fcssigkeiten und Staub und ist standardm\u00e4\u00dfig EN-166 zertifiziert.  <\/p>\n<p data-start=\"433\" data-end=\"711\" data-is-last-node=\"\" data-is-only-node=\"\">- EN-166-zertifizierter Schutz<br data-start=\"469\" data-end=\"472\">- Integrierte Seitenabdeckungen f\u00fcr zus\u00e4tzliche Sicherheit<br data-start=\"519\" data-end=\"522\">- Kompaktes Modell, kleinere Version der B809 Wide<br data-start=\"568\" data-end=\"571\">- Kann in jeder beliebigen Farbe verschrieben werden<br data-start=\"625\" data-end=\"628\">- Die Brille kann nach Belieben komplett montiert werden<\/p>\n","protected":false},"featured_media":45088,"template":"","meta":[],"product_brand":[786],"product_cat":[628],"product_tag":[],"class_list":{"0":"post-75993","1":"product","2":"type-product","3":"status-publish","4":"has-post-thumbnail","6":"product_brand-bolle-safety","7":"product_cat-sicherheit","8":"pa_geschikt-voor-frauen","9":"pa_geschikt-voor-manner","10":"pa_kleur-montuur-transparent-klar","11":"pa_maat-montuur-klein","12":"pa_maat-montuur-medium","13":"pa_soort-bril-op-sterkte-geeignet-fuer-hohe-staerken","14":"pa_soort-bril-op-sterkte-mit-sehstaerke","16":"first","17":"instock","18":"shipping-taxable","19":"purchasable","20":"product-type-simple"},"_links":{"self":[{"href":"https:\/\/specialspex.artitex.dev\/de\/wp-json\/wp\/v2\/product\/75993","targetHints":{"allow":["GET"]}}],"collection":[{"href":"https:\/\/specialspex.artitex.dev\/de\/wp-json\/wp\/v2\/product"}],"about":[{"href":"https:\/\/specialspex.artitex.dev\/de\/wp-json\/wp\/v2\/types\/product"}],"wp:featuredmedia":[{"embeddable":true,"href":"https:\/\/specialspex.artitex.dev\/de\/wp-json\/wp\/v2\/media\/45088"}],"wp:attachment":[{"href":"https:\/\/specialspex.artitex.dev\/de\/wp-json\/wp\/v2\/media?parent=75993"}],"wp:term":[{"taxonomy":"product_brand","embeddable":true,"href":"https:\/\/specialspex.artitex.dev\/de\/wp-json\/wp\/v2\/product_brand?post=75993"},{"taxonomy":"product_cat","embeddable":true,"href":"https:\/\/specialspex.artitex.dev\/de\/wp-json\/wp\/v2\/product_cat?post=75993"},{"taxonomy":"product_tag","embeddable":true,"href":"https:\/\/specialspex.artitex.dev\/de\/wp-json\/wp\/v2\/product_tag?post=75993"}],"curies":[{"name":"wp","href":"https:\/\/api.w.org\/{rel}","templated":true}]}}