{"id":75994,"date":"2025-11-24T16:50:21","date_gmt":"2025-11-24T15:50:21","guid":{"rendered":"https:\/\/specialspex.artitex.dev\/product\/spicy\/"},"modified":"2026-04-18T12:09:05","modified_gmt":"2026-04-18T10:09:05","slug":"spicy","status":"publish","type":"product","link":"https:\/\/specialspex.artitex.dev\/de\/sicherheit\/bolle-safety-spicy\/","title":{"rendered":"Spicy"},"content":{"rendered":"<p data-start=\"148\" data-end=\"410\">Diese Boll\u00e9 Schutzbrille bietet zuverl\u00e4ssigen Schutz in allen Bereichen, vom Bau bis zur Industrie. Dank der Seitenschilde ist das Modell besonders sto\u00dffest und bequem zu tragen. Die Spicy kann nach deiner Sehst\u00e4rke angefertigt und vollst\u00e4ndig an deine Bed\u00fcrfnisse angepasst werden.  <\/p>\n<p data-start=\"412\" data-end=\"641\" data-is-last-node=\"\" data-is-only-node=\"\">- EN-166-zertifizierter Schutz<br data-start=\"448\" data-end=\"451\">- Erh\u00f6hte Sto\u00dffestigkeit dank Seitenkappen<br data-start=\"493\" data-end=\"496\">- Kann in deiner bevorzugten Farbe oder in der gleichen Farbe hergestellt werden<br data-start=\"550\" data-end=\"553\">- Die Brille kann vollst\u00e4ndig an deine eigenen Anforderungen angepasst werden<\/p>\n","protected":false},"excerpt":{"rendered":"<p data-start=\"148\" data-end=\"410\">Diese Boll\u00e9 Schutzbrille bietet zuverl\u00e4ssigen Schutz in allen Bereichen, vom Bau bis zur Industrie. Dank der Seitenschilde ist das Modell besonders sto\u00dffest und bequem zu tragen. Die Spicy kann nach deiner Sehst\u00e4rke angefertigt und vollst\u00e4ndig an deine Bed\u00fcrfnisse angepasst werden.  <\/p>\n<p data-start=\"412\" data-end=\"641\" data-is-last-node=\"\" data-is-only-node=\"\">- EN-166-zertifizierter Schutz<br data-start=\"448\" data-end=\"451\">- Erh\u00f6hte Sto\u00dffestigkeit dank Seitenkappen<br data-start=\"493\" data-end=\"496\">- Kann in deiner bevorzugten Farbe oder in der gleichen Farbe hergestellt werden<br data-start=\"550\" data-end=\"553\">- Die Brille kann vollst\u00e4ndig an deine eigenen Anforderungen angepasst werden<\/p>\n","protected":false},"featured_media":16844,"template":"","meta":[],"product_brand":[786],"product_cat":[628],"product_tag":[],"class_list":{"0":"post-75994","1":"product","2":"type-product","3":"status-publish","4":"has-post-thumbnail","6":"product_brand-bolle-safety","7":"product_cat-sicherheit","8":"pa_geschikt-voor-frauen","9":"pa_geschikt-voor-manner","10":"pa_kleur-montuur-schildkroete","11":"pa_kleur-montuur-schwarz","12":"pa_kleur-montuur-tuerkis","13":"pa_maat-montuur-gross","14":"pa_maat-montuur-medium","15":"pa_soort-bril-op-sterkte-mit-sehstaerke","17":"first","18":"instock","19":"shipping-taxable","20":"purchasable","21":"product-type-variable","22":"has-default-attributes"},"_links":{"self":[{"href":"https:\/\/specialspex.artitex.dev\/de\/wp-json\/wp\/v2\/product\/75994","targetHints":{"allow":["GET"]}}],"collection":[{"href":"https:\/\/specialspex.artitex.dev\/de\/wp-json\/wp\/v2\/product"}],"about":[{"href":"https:\/\/specialspex.artitex.dev\/de\/wp-json\/wp\/v2\/types\/product"}],"wp:featuredmedia":[{"embeddable":true,"href":"https:\/\/specialspex.artitex.dev\/de\/wp-json\/wp\/v2\/media\/16844"}],"wp:attachment":[{"href":"https:\/\/specialspex.artitex.dev\/de\/wp-json\/wp\/v2\/media?parent=75994"}],"wp:term":[{"taxonomy":"product_brand","embeddable":true,"href":"https:\/\/specialspex.artitex.dev\/de\/wp-json\/wp\/v2\/product_brand?post=75994"},{"taxonomy":"product_cat","embeddable":true,"href":"https:\/\/specialspex.artitex.dev\/de\/wp-json\/wp\/v2\/product_cat?post=75994"},{"taxonomy":"product_tag","embeddable":true,"href":"https:\/\/specialspex.artitex.dev\/de\/wp-json\/wp\/v2\/product_tag?post=75994"}],"curies":[{"name":"wp","href":"https:\/\/api.w.org\/{rel}","templated":true}]}}