{"id":75997,"date":"2025-11-24T16:28:06","date_gmt":"2025-11-24T15:28:06","guid":{"rendered":"https:\/\/specialspex.artitex.dev\/product\/floz\/"},"modified":"2025-11-24T16:28:06","modified_gmt":"2025-11-24T15:28:06","slug":"floz","status":"publish","type":"product","link":"https:\/\/specialspex.artitex.dev\/de\/sportbrille\/wintersport\/ski-und-snowboardbrillen\/bliz-floz\/","title":{"rendered":"Floz"},"content":{"rendered":"<p data-start=\"175\" data-end=\"740\">Die Bliz Floz ist eine moderne und zuverl\u00e4ssige Skibrille f\u00fcr Wintersportler, die Wert auf klare Sicht, Komfort und einen stabilen Sitz legen. Die flexible Brillenkonstruktion schmiegt sich eng an das Gesicht an und funktioniert m\u00fchelos mit einer Vielzahl von Helmmodellen. Dank der effektiven Bel\u00fcftung und der Anti-Fog-Beschichtung bleibt die Scheibe auch bei intensiven Abfahrten, nassem Schnee oder schnell wechselnden Wetterbedingungen klar. Die Floz bietet ein weites Sichtfeld und hervorragenden Schutz, damit du immer selbstbewusst und entspannt die Pisten hinunterfahren kannst.   <\/p>\n<p data-start=\"742\" data-end=\"1143\">- Flexible Goggle-Konstruktion f\u00fcr einen bequemen und stabilen Sitz<br data-start=\"814\" data-end=\"817\">- Effektive Bel\u00fcftung und starke Anti-Beschlag-Eigenschaften f\u00fcr klare Sicht<br data-start=\"891\" data-end=\"894\">- Breites Sichtfeld f\u00fcr einen guten \u00dcberblick auf der Piste und im Gel\u00e4nde<br data-start=\"959\" data-end=\"962\">- Helmkompatibles elastisches Band mit festem Halt<br data-start=\"1012\" data-end=\"1015\">- Korrektionsgl\u00e4ser k\u00f6nnen durch einen Einsatzclip mit Korrektionsgl\u00e4sern erhalten werden<\/p>\n","protected":false},"excerpt":{"rendered":"<p data-start=\"175\" data-end=\"740\">Die Bliz Floz ist eine moderne und zuverl\u00e4ssige Skibrille f\u00fcr Wintersportler, die Wert auf klare Sicht, Komfort und einen stabilen Sitz legen. Die flexible Brillenkonstruktion schmiegt sich eng an das Gesicht an und funktioniert m\u00fchelos mit einer Vielzahl von Helmmodellen. Dank der effektiven Bel\u00fcftung und der Anti-Fog-Beschichtung bleibt die Scheibe auch bei intensiven Abfahrten, nassem Schnee oder schnell wechselnden Wetterbedingungen klar. Die Floz bietet ein weites Sichtfeld und hervorragenden Schutz, damit du immer selbstbewusst und entspannt die Pisten hinunterfahren kannst.   <\/p>\n<p data-start=\"742\" data-end=\"1143\">- Flexible Goggle-Konstruktion f\u00fcr einen bequemen und stabilen Sitz<br data-start=\"814\" data-end=\"817\">- Effektive Bel\u00fcftung und starke Anti-Beschlag-Eigenschaften f\u00fcr klare Sicht<br data-start=\"891\" data-end=\"894\">- Weites Sichtfeld f\u00fcr einen guten \u00dcberblick auf der Piste und im Gel\u00e4nde<br data-start=\"959\" data-end=\"962\">- Helmkompatibles, elastisches Band mit festem Halt<br data-start=\"1012\" data-end=\"1015\">- Korrektionsgl\u00e4ser k\u00f6nnen durch Verwendung eines Einsatzclips mit Korrektionsgl\u00e4sern erhalten werden<\/p>\n","protected":false},"featured_media":66067,"template":"","meta":[],"product_brand":[820],"product_cat":[584,698,700],"product_tag":[],"class_list":{"0":"post-75997","1":"product","2":"type-product","3":"status-publish","4":"has-post-thumbnail","6":"product_brand-bliz","7":"product_cat-sportbrille","8":"product_cat-ski-und-snowboardbrillen","9":"product_cat-wintersport","10":"pa_geschikt-voor-frauen","11":"pa_geschikt-voor-manner","12":"pa_kleur-montuur-schwarz","13":"pa_kleur-montuur-weiss","14":"pa_maat-montuur-gross","15":"pa_soort-bril-op-sterkte-ohne-sehstaerke","16":"pa_soort-bril-op-sterkte-with-prescription-insert","18":"first","19":"instock","20":"sale","21":"shipping-taxable","22":"purchasable","23":"product-type-variable"},"_links":{"self":[{"href":"https:\/\/specialspex.artitex.dev\/de\/wp-json\/wp\/v2\/product\/75997","targetHints":{"allow":["GET"]}}],"collection":[{"href":"https:\/\/specialspex.artitex.dev\/de\/wp-json\/wp\/v2\/product"}],"about":[{"href":"https:\/\/specialspex.artitex.dev\/de\/wp-json\/wp\/v2\/types\/product"}],"wp:featuredmedia":[{"embeddable":true,"href":"https:\/\/specialspex.artitex.dev\/de\/wp-json\/wp\/v2\/media\/66067"}],"wp:attachment":[{"href":"https:\/\/specialspex.artitex.dev\/de\/wp-json\/wp\/v2\/media?parent=75997"}],"wp:term":[{"taxonomy":"product_brand","embeddable":true,"href":"https:\/\/specialspex.artitex.dev\/de\/wp-json\/wp\/v2\/product_brand?post=75997"},{"taxonomy":"product_cat","embeddable":true,"href":"https:\/\/specialspex.artitex.dev\/de\/wp-json\/wp\/v2\/product_cat?post=75997"},{"taxonomy":"product_tag","embeddable":true,"href":"https:\/\/specialspex.artitex.dev\/de\/wp-json\/wp\/v2\/product_tag?post=75997"}],"curies":[{"name":"wp","href":"https:\/\/api.w.org\/{rel}","templated":true}]}}