{"id":76008,"date":"2025-11-24T16:11:59","date_gmt":"2025-11-24T15:11:59","guid":{"rendered":"https:\/\/specialspex.artitex.dev\/product\/trace-s-pro\/"},"modified":"2025-11-24T16:11:59","modified_gmt":"2025-11-24T15:11:59","slug":"trace-s-pro","status":"publish","type":"product","link":"https:\/\/specialspex.artitex.dev\/de\/sportbrille\/golfbrille\/evil-eye-trace-s-pro\/","title":{"rendered":"Traileye Pro S"},"content":{"rendered":"<p data-start=\"187\" data-end=\"577\">Die Evil Eye Trace S Pro wurde f\u00fcr Athleten entwickelt, die bei intensiven Trainingseinheiten maximale Bel\u00fcftung, Stabilit\u00e4t und Sicht w\u00fcnschen. Die Pro-Version verf\u00fcgt \u00fcber einen integrierten Schwei\u00dfschutz, der verhindert, dass Schwei\u00df in die Augen tropft und gleichzeitig f\u00fcr zus\u00e4tzlichen Komfort und Halt sorgt. Dank der kompakten S-Passform liegt die Brille eng an, ohne zu dr\u00fccken, ideal f\u00fcr kleine bis mittlere Gesichter.  <\/p>\n<p data-start=\"579\" data-end=\"890\">Der leichte Halbrandrahmen bietet ein weites Sichtfeld und die Wrap-around-Passform sorgt f\u00fcr einen sicheren Sitz bei Trailruns, Mountainbiking und hochintensiven Workouts. Der verstellbare Nasensteg und die rutschfesten Beine sorgen daf\u00fcr, dass die Trace S Pro auch bei rauen Bewegungen oder hei\u00dfem Wetter immer stabil bleibt. <\/p>\n<p data-start=\"892\" data-end=\"1281\">- Inklusive Schwei\u00dfschutz f\u00fcr zus\u00e4tzlichen Komfort und trockene Augen<br data-start=\"951\" data-end=\"954\">- Wrap-around-Passform mit stabiler Fixierung<br data-start=\"996\" data-end=\"999\">- Geeignet f\u00fcr kleine bis mittelgro\u00dfe Gesichter<br data-start=\"1039\" data-end=\"1042\">- Halbrand-Design f\u00fcr weite und ungehinderte Sicht<br data-start=\"1094\" data-end=\"1097\">- Hochwertige Kunststoffkonstruktion mit sportartspezifischer Bel\u00fcftung<br data-start=\"1165\" data-end=\"1168\">- Verstellbarer Nasensteg und Beingriff<br data-start=\"1209\" data-end=\"1212\">- Erh\u00e4ltlich mit selbstt\u00f6nenden 1-3 Gl\u00e4sern oder Spiegelvarianten<\/p>\n<p data-start=\"1283\" data-end=\"1507\">Optionen f\u00fcr die St\u00e4rke: Du kannst die Trace S Pro mit verschreibungspflichtigen Gl\u00e4sern \u00fcber das Evil Eye Original- oder das Specialspex Custom Glass Programm verwenden. Diese k\u00f6nnen vollst\u00e4ndig verschreibungspflichtig sein oder als Clip-In-Gl\u00e4ser verwendet werden. Beide Systeme bieten eine stabile und sporttaugliche L\u00f6sung ohne Einbu\u00dfen bei der Sehqualit\u00e4t.  <\/p>\n","protected":false},"excerpt":{"rendered":"<p data-start=\"187\" data-end=\"577\">Die Evil Eye Trace S Pro wurde f\u00fcr Athleten entwickelt, die bei intensiven Trainingseinheiten maximale Bel\u00fcftung, Stabilit\u00e4t und Sicht w\u00fcnschen. Die Pro-Version verf\u00fcgt \u00fcber einen integrierten Schwei\u00dfschutz, der verhindert, dass Schwei\u00df in die Augen tropft und gleichzeitig f\u00fcr zus\u00e4tzlichen Komfort und Halt sorgt. Dank der kompakten S-Passform liegt die Brille eng an, ohne zu dr\u00fccken, ideal f\u00fcr kleine bis mittlere Gesichter.  <\/p>\n<p data-start=\"579\" data-end=\"890\">Der leichte Halbrandrahmen bietet ein weites Sichtfeld und die Wrap-around-Passform sorgt f\u00fcr einen sicheren Sitz bei Trailruns, Mountainbiking und hochintensiven Workouts. Der verstellbare Nasensteg und die rutschfesten Beine sorgen daf\u00fcr, dass die Trace S Pro auch bei rauen Bewegungen oder hei\u00dfem Wetter immer stabil bleibt. <\/p>\n<p data-start=\"892\" data-end=\"1281\">- Inklusive Schwei\u00dfschutz f\u00fcr zus\u00e4tzlichen Komfort und trockene Augen<br data-start=\"951\" data-end=\"954\">- Wrap-around-Passform mit stabiler Fixierung<br data-start=\"996\" data-end=\"999\">- Geeignet f\u00fcr kleine bis mittelgro\u00dfe Gesichter<br data-start=\"1039\" data-end=\"1042\">- Halbrand-Design f\u00fcr weite und ungehinderte Sicht<br data-start=\"1094\" data-end=\"1097\">- Hochwertige Kunststoffkonstruktion mit sportartspezifischer Bel\u00fcftung<br data-start=\"1165\" data-end=\"1168\">- Verstellbarer Nasensteg und Beingriff<br data-start=\"1209\" data-end=\"1212\">- Erh\u00e4ltlich mit selbstt\u00f6nenden 1-3 Gl\u00e4sern oder Spiegelvarianten<\/p>\n<p data-start=\"1283\" data-end=\"1507\">Optionen f\u00fcr die St\u00e4rke: Du kannst die Trace S Pro mit verschreibungspflichtigen Gl\u00e4sern \u00fcber das Evil Eye Original- oder das Specialspex Custom Glass Programm verwenden. Diese k\u00f6nnen vollst\u00e4ndig verschreibungspflichtig sein oder als Clip-In-Gl\u00e4ser verwendet werden. Beide Systeme bieten eine stabile und sporttaugliche L\u00f6sung ohne Einbu\u00dfen bei der Sehqualit\u00e4t.  <\/p>\n","protected":false},"featured_media":66126,"template":"","meta":[],"product_brand":[808],"product_cat":[584,660,677,560,638,561,559,664,663,665,662,661],"product_tag":[],"class_list":{"0":"post-76008","1":"product","2":"type-product","3":"status-publish","4":"has-post-thumbnail","6":"product_brand-evil-eye","7":"product_cat-sportbrille","8":"product_cat-golfbrille","9":"product_cat-kletterbrille","10":"product_cat-laufen","11":"product_cat-mountainbiking","12":"product_cat-radfahren","13":"product_cat-radfahrerbrille","14":"product_cat-schlittschuhe","15":"product_cat-segeln","16":"product_cat-skilanglauf","17":"product_cat-trailrunning","18":"product_cat-wandern","19":"pa_geschikt-voor-frauen","20":"pa_geschikt-voor-manner","21":"pa_kleur-montuur-orange","22":"pa_kleur-montuur-schwarz","23":"pa_maat-montuur-gross","24":"pa_maat-montuur-medium","25":"pa_soort-bril-op-sterkte-ohne-sehstaerke","26":"pa_soort-bril-op-sterkte-with-prescription-insert","28":"first","29":"instock","30":"sale","31":"shipping-taxable","32":"purchasable","33":"product-type-variable"},"_links":{"self":[{"href":"https:\/\/specialspex.artitex.dev\/de\/wp-json\/wp\/v2\/product\/76008","targetHints":{"allow":["GET"]}}],"collection":[{"href":"https:\/\/specialspex.artitex.dev\/de\/wp-json\/wp\/v2\/product"}],"about":[{"href":"https:\/\/specialspex.artitex.dev\/de\/wp-json\/wp\/v2\/types\/product"}],"wp:featuredmedia":[{"embeddable":true,"href":"https:\/\/specialspex.artitex.dev\/de\/wp-json\/wp\/v2\/media\/66126"}],"wp:attachment":[{"href":"https:\/\/specialspex.artitex.dev\/de\/wp-json\/wp\/v2\/media?parent=76008"}],"wp:term":[{"taxonomy":"product_brand","embeddable":true,"href":"https:\/\/specialspex.artitex.dev\/de\/wp-json\/wp\/v2\/product_brand?post=76008"},{"taxonomy":"product_cat","embeddable":true,"href":"https:\/\/specialspex.artitex.dev\/de\/wp-json\/wp\/v2\/product_cat?post=76008"},{"taxonomy":"product_tag","embeddable":true,"href":"https:\/\/specialspex.artitex.dev\/de\/wp-json\/wp\/v2\/product_tag?post=76008"}],"curies":[{"name":"wp","href":"https:\/\/api.w.org\/{rel}","templated":true}]}}