{"id":76012,"date":"2025-11-17T15:45:45","date_gmt":"2025-11-17T14:45:45","guid":{"rendered":"https:\/\/specialspex.artitex.dev\/product\/contour\/"},"modified":"2026-04-18T12:09:08","modified_gmt":"2026-04-18T10:09:08","slug":"contour","status":"publish","type":"product","link":"https:\/\/specialspex.artitex.dev\/de\/sicherheit\/bolle-safety-contour\/","title":{"rendered":"Contour"},"content":{"rendered":"<p data-start=\"235\" data-end=\"701\">Die Boll\u00e9 Contour ist eine leichte und bequeme Schutzbrille, die bei Arbeiten in der Industrie, im Maschinenbau und auf dem Bau ausgezeichneten Schutz bietet. Dank des Wrap-around-Designs liegt die Brille eng am Gesicht an und bietet optimalen Seitenschutz. Die schlagfeste Polycarbonatscheibe ist kratzfest und sorgt auch bei starker Beanspruchung f\u00fcr klare Sicht. Das macht die Contour zu einer zuverl\u00e4ssigen Wahl f\u00fcr die Sicherheit im Arbeitsalltag.   <\/p>\n<p data-start=\"703\" data-end=\"1036\">- Leichte Schutzbrille mit bequemer Passform<br data-start=\"758\" data-end=\"761\">- Wrap-around-Design f\u00fcr effektiven Seitenschutz<br data-start=\"822\" data-end=\"825\">- Schlagfeste Polycarbonat-Scheibe mit kratzfester Beschichtung<br data-start=\"879\" data-end=\"882\">- Klares und weites Sichtfeld bei unterschiedlichen Lichtverh\u00e4ltnissen<br data-start=\"951\" data-end=\"954\">- Erh\u00e4ltlich mit Original-Boll\u00e9-Gl\u00e4sern<br data-start=\"1007\" data-end=\"1010\">- Inklusive Schutzetui<\/p>\n","protected":false},"excerpt":{"rendered":"<p data-start=\"235\" data-end=\"701\">Die Boll\u00e9 Contour ist eine leichte und bequeme Schutzbrille, die bei Arbeiten in der Industrie, im Maschinenbau und auf dem Bau ausgezeichneten Schutz bietet. Dank des Wrap-around-Designs liegt die Brille eng am Gesicht an und bietet optimalen Seitenschutz. Die schlagfeste Polycarbonatscheibe ist kratzfest und sorgt auch bei starker Beanspruchung f\u00fcr klare Sicht. Das macht die Contour zu einer zuverl\u00e4ssigen Wahl f\u00fcr die Sicherheit im Arbeitsalltag.   <\/p>\n<p data-start=\"703\" data-end=\"1036\">- Leichte Schutzbrille mit bequemer Passform<br data-start=\"758\" data-end=\"761\">- Wrap-around-Design f\u00fcr effektiven Seitenschutz<br data-start=\"822\" data-end=\"825\">- Schlagfeste Polycarbonat-Scheibe mit kratzfester Beschichtung<br data-start=\"879\" data-end=\"882\">- Klares und weites Sichtfeld bei unterschiedlichen Lichtverh\u00e4ltnissen<br data-start=\"951\" data-end=\"954\">- Erh\u00e4ltlich mit Original-Boll\u00e9-Gl\u00e4sern<br data-start=\"1007\" data-end=\"1010\">- Inklusive Schutzetui<\/p>\n","protected":false},"featured_media":65745,"template":"","meta":[],"product_brand":[786],"product_cat":[628],"product_tag":[],"class_list":{"0":"post-76012","1":"product","2":"type-product","3":"status-publish","4":"has-post-thumbnail","6":"product_brand-bolle-safety","7":"product_cat-sicherheit","8":"pa_geschikt-voor-manner","9":"pa_kleur-montuur-grau","10":"pa_maat-montuur-gross","11":"pa_maat-montuur-medium","12":"pa_soort-bril-op-sterkte-mit-sehstaerke","14":"first","15":"instock","16":"shipping-taxable","17":"purchasable","18":"product-type-simple"},"_links":{"self":[{"href":"https:\/\/specialspex.artitex.dev\/de\/wp-json\/wp\/v2\/product\/76012","targetHints":{"allow":["GET"]}}],"collection":[{"href":"https:\/\/specialspex.artitex.dev\/de\/wp-json\/wp\/v2\/product"}],"about":[{"href":"https:\/\/specialspex.artitex.dev\/de\/wp-json\/wp\/v2\/types\/product"}],"wp:featuredmedia":[{"embeddable":true,"href":"https:\/\/specialspex.artitex.dev\/de\/wp-json\/wp\/v2\/media\/65745"}],"wp:attachment":[{"href":"https:\/\/specialspex.artitex.dev\/de\/wp-json\/wp\/v2\/media?parent=76012"}],"wp:term":[{"taxonomy":"product_brand","embeddable":true,"href":"https:\/\/specialspex.artitex.dev\/de\/wp-json\/wp\/v2\/product_brand?post=76012"},{"taxonomy":"product_cat","embeddable":true,"href":"https:\/\/specialspex.artitex.dev\/de\/wp-json\/wp\/v2\/product_cat?post=76012"},{"taxonomy":"product_tag","embeddable":true,"href":"https:\/\/specialspex.artitex.dev\/de\/wp-json\/wp\/v2\/product_tag?post=76012"}],"curies":[{"name":"wp","href":"https:\/\/api.w.org\/{rel}","templated":true}]}}