{"id":76013,"date":"2025-11-21T15:21:31","date_gmt":"2025-11-21T14:21:31","guid":{"rendered":"https:\/\/specialspex.artitex.dev\/product\/delta-black-vzum-ml-lava\/"},"modified":"2026-04-18T12:09:07","modified_gmt":"2026-04-18T10:09:07","slug":"delta-black-vzum-ml-lava","status":"publish","type":"product","link":"https:\/\/specialspex.artitex.dev\/de\/sportbrille\/radfahrerbrille\/gravelbiker-radfahren\/alba-optics-delta-black-vzum-ml-lava\/","title":{"rendered":"Delta Black VZUM ML Lava"},"content":{"rendered":"<p>Die Alba Optics Delta Black \/ VZUM ML Lava ist eine technisch fortschrittliche Sportbrille f\u00fcr Radsportler und Ausdauersportler, die maximale Klarheit, Komfort und Stil erwarten. Die Delta kombiniert eine retro-inspirierte Form mit modernen Materialien und einer leichten Konstruktion. Die Herstellung in Italien ist f\u00fcr Alba Optics ein grundlegender Wert, der sich in der hochwertigen Verarbeitung und der pr\u00e4zisen Handwerkskunst widerspiegelt. Die VZUM ML Lava-Scheibe bietet warme Farbt\u00f6ne, verst\u00e4rkte Kontraste und klare Sicht bei verschiedenen Lichtverh\u00e4ltnissen, ideal f\u00fcr lange Fahrten auf der Stra\u00dfe oder im Gel\u00e4nde.   <\/p>\n<p>- Leichtes Design mit retro-moderner Geometrie<br \/>\n- VZUM ML Lava Linse f\u00fcr w\u00e4rmere Farbt\u00f6ne, verbesserten Kontrast und exzellente Detailwiedergabe<br \/>\n- Italienische Handwerkskunst mit langlebigen, hochwertigen Materialien<br \/>\n- Weites und stabiles Sichtfeld dank des offenen Linsendesigns und der effizienten Bel\u00fcftung<br \/>\n- Kann mit Korrektionsgl\u00e4sern \u00fcber einen Einsatzclip mit Korrektionsgl\u00e4sern erhalten werden<br \/>\n- Schutzetui im Lieferumfang enthalten<\/p>\n","protected":false},"excerpt":{"rendered":"<p>Die Alba Optics Delta Black \/ VZUM ML Lava ist eine technisch fortschrittliche Sportbrille f\u00fcr Radsportler und Ausdauersportler, die maximale Klarheit, Komfort und Stil erwarten. Die Delta kombiniert eine retro-inspirierte Form mit modernen Materialien und einer leichten Konstruktion. Die Herstellung in Italien ist f\u00fcr Alba Optics ein grundlegender Wert, der sich in der hochwertigen Verarbeitung und der pr\u00e4zisen Handwerkskunst widerspiegelt. Die VZUM ML Lava-Scheibe bietet warme Farbt\u00f6ne, verst\u00e4rkte Kontraste und klare Sicht bei verschiedenen Lichtverh\u00e4ltnissen, ideal f\u00fcr lange Fahrten auf der Stra\u00dfe oder im Gel\u00e4nde.   <\/p>\n<p>- Leichtes Design mit retro-moderner Geometrie<br \/>\n- VZUM ML Lava Linse f\u00fcr w\u00e4rmere Farbt\u00f6ne, verbesserten Kontrast und exzellente Detailwiedergabe<br \/>\n- Italienische Handwerkskunst mit langlebigen, hochwertigen Materialien<br \/>\n- Weites und stabiles Sichtfeld dank des offenen Linsendesigns und der effizienten Bel\u00fcftung<br \/>\n- Kann mit Korrekturgl\u00e4sern \u00fcber einen Einsatzclip mit Korrekturgl\u00e4sern erhalten werden<br \/>\n- Schutzetui enthalten<\/p>\n","protected":false},"featured_media":65943,"template":"","meta":[],"product_brand":[821],"product_cat":[584,639,560,638,561,559,662],"product_tag":[],"class_list":{"0":"post-76013","1":"product","2":"type-product","3":"status-publish","4":"has-post-thumbnail","6":"product_brand-alba-optics","7":"product_cat-sportbrille","8":"product_cat-gravelbiker-radfahren","9":"product_cat-laufen","10":"product_cat-mountainbiking","11":"product_cat-radfahren","12":"product_cat-radfahrerbrille","13":"product_cat-trailrunning","14":"pa_geschikt-voor-frauen","15":"pa_geschikt-voor-manner","16":"pa_kleur-montuur-schwarz","17":"pa_maat-montuur-gross","18":"pa_maat-montuur-medium","19":"pa_soort-bril-op-sterkte-ohne-sehstaerke","20":"pa_soort-bril-op-sterkte-with-prescription-insert","22":"first","23":"instock","24":"shipping-taxable","25":"purchasable","26":"product-type-simple"},"_links":{"self":[{"href":"https:\/\/specialspex.artitex.dev\/de\/wp-json\/wp\/v2\/product\/76013","targetHints":{"allow":["GET"]}}],"collection":[{"href":"https:\/\/specialspex.artitex.dev\/de\/wp-json\/wp\/v2\/product"}],"about":[{"href":"https:\/\/specialspex.artitex.dev\/de\/wp-json\/wp\/v2\/types\/product"}],"wp:featuredmedia":[{"embeddable":true,"href":"https:\/\/specialspex.artitex.dev\/de\/wp-json\/wp\/v2\/media\/65943"}],"wp:attachment":[{"href":"https:\/\/specialspex.artitex.dev\/de\/wp-json\/wp\/v2\/media?parent=76013"}],"wp:term":[{"taxonomy":"product_brand","embeddable":true,"href":"https:\/\/specialspex.artitex.dev\/de\/wp-json\/wp\/v2\/product_brand?post=76013"},{"taxonomy":"product_cat","embeddable":true,"href":"https:\/\/specialspex.artitex.dev\/de\/wp-json\/wp\/v2\/product_cat?post=76013"},{"taxonomy":"product_tag","embeddable":true,"href":"https:\/\/specialspex.artitex.dev\/de\/wp-json\/wp\/v2\/product_tag?post=76013"}],"curies":[{"name":"wp","href":"https:\/\/api.w.org\/{rel}","templated":true}]}}