{"id":76019,"date":"2025-11-17T15:28:31","date_gmt":"2025-11-17T14:28:31","guid":{"rendered":"https:\/\/specialspex.artitex.dev\/product\/rave\/"},"modified":"2025-11-17T15:28:31","modified_gmt":"2025-11-17T14:28:31","slug":"rave","status":"publish","type":"product","link":"https:\/\/specialspex.artitex.dev\/de\/sportbrille\/wintersport\/ski-und-snowboardbrillen\/bliz-rave\/","title":{"rendered":"Rave"},"content":{"rendered":"<p data-start=\"192\" data-end=\"680\">Die Bliz Rave ist eine zuverl\u00e4ssige und komfortable Goggle f\u00fcr Wintersportler, die auf der Piste eine klare Sicht und guten Schutz suchen. Die flexible Goggle-Konstruktion passt sich bequem an das Gesicht an und l\u00e4sst sich m\u00fchelos mit verschiedenen Helmen kombinieren. Die zylindrische Scheibe bietet ein weites Sichtfeld und bleibt dank der guten Bel\u00fcftung und der Anti-Fog-Beschichtung auch bei kalten und feuchten Bedingungen klar. So beh\u00e4ltst du beim Skifahren oder Snowboarden immer eine stabile und scharfe Sicht.   <\/p>\n<p data-start=\"682\" data-end=\"1072\">- Bequeme Passform mit flexibler Brillenkonstruktion<br data-start=\"737\" data-end=\"740\">- Zylindrische, gut bel\u00fcftete Scheibe f\u00fcr ein weites und klares Sichtfeld<br data-start=\"815\" data-end=\"818\">- Wirksame Anti-Beschlag-Eigenschaften f\u00fcr klare Sicht bei Schnee und K\u00e4lte<br data-start=\"888\" data-end=\"891\">- Helmkompatibles, elastisches Band mit festem Halt<br data-start=\"941\" data-end=\"944\">- Korrekturgl\u00e4ser k\u00f6nnen durch Verwendung eines Einsatzclips mit Korrekturgl\u00e4sern erhalten werden<br data-start=\"1021\" data-end=\"1024\">- Sch\u00fctzendes Aufbewahrungsetui aus Mikrofaser im Lieferumfang<\/p>\n","protected":false},"excerpt":{"rendered":"<p data-start=\"192\" data-end=\"680\">Die Bliz Rave ist eine zuverl\u00e4ssige und komfortable Goggle f\u00fcr Wintersportler, die auf der Piste eine klare Sicht und guten Schutz suchen. Die flexible Goggle-Konstruktion passt sich bequem an das Gesicht an und l\u00e4sst sich m\u00fchelos mit verschiedenen Helmen kombinieren. Die zylindrische Scheibe bietet ein weites Sichtfeld und bleibt dank der guten Bel\u00fcftung und der Anti-Fog-Beschichtung auch bei kalten und feuchten Bedingungen klar. So beh\u00e4ltst du beim Skifahren oder Snowboarden immer eine stabile und scharfe Sicht.   <\/p>\n<p data-start=\"682\" data-end=\"1072\">- Bequeme Passform mit flexibler Brillenkonstruktion<br data-start=\"737\" data-end=\"740\">- Zylindrische, gut bel\u00fcftete Scheibe f\u00fcr ein weites und klares Sichtfeld<br data-start=\"815\" data-end=\"818\">- Wirksame Anti-Beschlag-Eigenschaften f\u00fcr klare Sicht bei Schnee und K\u00e4lte<br data-start=\"888\" data-end=\"891\">- Helmkompatibles, elastisches Band mit festem Halt<br data-start=\"941\" data-end=\"944\">- Korrekturgl\u00e4ser k\u00f6nnen durch Verwendung eines Einsatzclips mit Korrekturgl\u00e4sern erhalten werden<br data-start=\"1021\" data-end=\"1024\">- Sch\u00fctzendes Aufbewahrungsetui aus Mikrofaser im Lieferumfang<\/p>\n","protected":false},"featured_media":65738,"template":"","meta":[],"product_brand":[820],"product_cat":[700,698],"product_tag":[],"class_list":{"0":"post-76019","1":"product","2":"type-product","3":"status-publish","4":"has-post-thumbnail","6":"product_brand-bliz","7":"product_cat-wintersport","8":"product_cat-ski-und-snowboardbrillen","9":"pa_geschikt-voor-frauen","10":"pa_geschikt-voor-manner","11":"pa_kleur-montuur-grun","12":"pa_kleur-montuur-rosa","13":"pa_maat-montuur-gross","14":"pa_soort-bril-op-sterkte-ohne-sehstaerke","15":"pa_soort-bril-op-sterkte-with-prescription-insert","17":"first","18":"instock","19":"sale","20":"shipping-taxable","21":"purchasable","22":"product-type-variable"},"_links":{"self":[{"href":"https:\/\/specialspex.artitex.dev\/de\/wp-json\/wp\/v2\/product\/76019","targetHints":{"allow":["GET"]}}],"collection":[{"href":"https:\/\/specialspex.artitex.dev\/de\/wp-json\/wp\/v2\/product"}],"about":[{"href":"https:\/\/specialspex.artitex.dev\/de\/wp-json\/wp\/v2\/types\/product"}],"wp:featuredmedia":[{"embeddable":true,"href":"https:\/\/specialspex.artitex.dev\/de\/wp-json\/wp\/v2\/media\/65738"}],"wp:attachment":[{"href":"https:\/\/specialspex.artitex.dev\/de\/wp-json\/wp\/v2\/media?parent=76019"}],"wp:term":[{"taxonomy":"product_brand","embeddable":true,"href":"https:\/\/specialspex.artitex.dev\/de\/wp-json\/wp\/v2\/product_brand?post=76019"},{"taxonomy":"product_cat","embeddable":true,"href":"https:\/\/specialspex.artitex.dev\/de\/wp-json\/wp\/v2\/product_cat?post=76019"},{"taxonomy":"product_tag","embeddable":true,"href":"https:\/\/specialspex.artitex.dev\/de\/wp-json\/wp\/v2\/product_tag?post=76019"}],"curies":[{"name":"wp","href":"https:\/\/api.w.org\/{rel}","templated":true}]}}