{"id":76037,"date":"2025-11-28T11:15:04","date_gmt":"2025-11-28T10:15:04","guid":{"rendered":"https:\/\/specialspex.artitex.dev\/product\/clifden\/"},"modified":"2025-11-28T11:15:04","modified_gmt":"2025-11-28T10:15:04","slug":"clifden","status":"publish","type":"product","link":"https:\/\/specialspex.artitex.dev\/de\/sportbrille\/bergsteigerbrille\/oakley-clifden\/","title":{"rendered":"Clifden"},"content":{"rendered":"<p data-start=\"179\" data-end=\"707\">Die Oakley Clifden ist eine robuste Outdoor-Sonnenbrille, die f\u00fcr extreme Bedingungen entwickelt wurde. Dieses Modell kombiniert maximalen Schutz gegen helles Licht, Wind und Blendung mit einem stabilen, sicheren Sitz. Dank der Seitenschilde und des abnehmbaren Nasenstegs bietet die Clifden zus\u00e4tzlichen Schutz, ideal f\u00fcr Bergsteigen, Wintersport und intensiven Einsatz bei hellem Sonnenschein. Der leichte O Matter-Rahmen sorgt f\u00fcr Komfort auf langen Touren, w\u00e4hrend die Unobtainium-Ohrst\u00f6psel f\u00fcr Halt sorgen - selbst bei Schwei\u00df oder Feuchtigkeit.   <\/p>\n<p data-start=\"709\" data-end=\"882\">Mit ihren technischen Eigenschaften und ihrem robusten Look ist die Clifden die ideale Wahl f\u00fcr Abenteurer und Sportler, die unter allen Bedingungen klare und gesch\u00fctzte Sicht haben wollen.<\/p>\n<p data-start=\"884\" data-end=\"1396\">- Ausgestattet mit Seitenschilden und abnehmbarem Nasenstegschild f\u00fcr maximalen Schutz<br data-start=\"967\" data-end=\"970\">- Leichter und strapazierf\u00e4higer O Matter-Rahmen f\u00fcr langanhaltenden Komfort<br data-start=\"1041\" data-end=\"1044\">- Unobtainium-Ohrst\u00f6psel f\u00fcr stabilen Halt, auch wenn du schwitzt<br data-start=\"1106\" data-end=\"1109\">- Entwickelt f\u00fcr Bergsteigen, Wintersport und extreme Lichtverh\u00e4ltnisse<br data-start=\"1180\" data-end=\"1183\">- Erh\u00e4ltlich mit Prizm-Gl\u00e4sern f\u00fcr verbesserte Kontrast- und Detailsicht<br data-start=\"1262\" data-end=\"1265\">- Erh\u00e4ltlich mit verschreibungspflichtigen Gl\u00e4sern, sowohl mit Specialspex-Gl\u00e4sern als auch mit Original-Oakley-Gl\u00e4sern<br data-start=\"1356\" data-end=\"1359\">- Inklusive sch\u00fctzendem Aufbewahrungsetui<\/p>\n","protected":false},"excerpt":{"rendered":"<p data-start=\"179\" data-end=\"707\">Die Oakley Clifden ist eine robuste Outdoor-Sonnenbrille, die f\u00fcr extreme Bedingungen entwickelt wurde. Dieses Modell kombiniert maximalen Schutz gegen helles Licht, Wind und Blendung mit einem stabilen, sicheren Sitz. Dank der Seitenschilde und des abnehmbaren Nasenstegs bietet die Clifden zus\u00e4tzlichen Schutz, ideal f\u00fcr Bergsteigen, Wintersport und intensiven Einsatz bei hellem Sonnenschein. Der leichte O Matter-Rahmen sorgt f\u00fcr Komfort auf langen Touren, w\u00e4hrend die Unobtainium-Ohrst\u00f6psel f\u00fcr Halt sorgen - selbst bei Schwei\u00df oder Feuchtigkeit.   <\/p>\n<p data-start=\"709\" data-end=\"882\">Mit ihren technischen Eigenschaften und ihrem robusten Look ist die Clifden die ideale Wahl f\u00fcr Abenteurer und Sportler, die unter allen Bedingungen klare und gesch\u00fctzte Sicht haben wollen.<\/p>\n<p data-start=\"884\" data-end=\"1396\">- Ausgestattet mit Seitenschilden und abnehmbarem Nasenstegschild f\u00fcr maximalen Schutz<br data-start=\"967\" data-end=\"970\">- Leichter und strapazierf\u00e4higer O Matter-Rahmen f\u00fcr langanhaltenden Komfort<br data-start=\"1041\" data-end=\"1044\">- Unobtainium-Ohrst\u00f6psel f\u00fcr stabilen Halt, auch wenn du schwitzt<br data-start=\"1106\" data-end=\"1109\">- Entwickelt f\u00fcr Bergsteigen, Wintersport und extreme Lichtverh\u00e4ltnisse<br data-start=\"1180\" data-end=\"1183\">- Erh\u00e4ltlich mit Prizm-Gl\u00e4sern f\u00fcr verbesserte Kontrast- und Detailsicht<br data-start=\"1262\" data-end=\"1265\">- Erh\u00e4ltlich mit verschreibungspflichtigen Gl\u00e4sern, sowohl mit Specialspex-Gl\u00e4sern als auch mit Original-Oakley-Gl\u00e4sern<br data-start=\"1356\" data-end=\"1359\">- Inklusive sch\u00fctzendem Aufbewahrungsetui<\/p>\n","protected":false},"featured_media":52510,"template":"","meta":[],"product_brand":[806],"product_cat":[584,658,699,661],"product_tag":[],"class_list":{"0":"post-76037","1":"product","2":"type-product","3":"status-publish","4":"has-post-thumbnail","6":"product_brand-oakley","7":"product_cat-sportbrille","8":"product_cat-bergsteigerbrille","9":"product_cat-gletscher","10":"product_cat-wandern","11":"pa_geschikt-voor-frauen","12":"pa_geschikt-voor-manner","13":"pa_kleur-montuur-gold","14":"pa_kleur-montuur-grau","15":"pa_kleur-montuur-rot","16":"pa_kleur-montuur-schwarz","17":"pa_maat-montuur-klein","18":"pa_maat-montuur-medium","19":"pa_soort-bril-op-sterkte-mit-sehstaerke","20":"pa_soort-bril-op-sterkte-ohne-sehstaerke","22":"first","23":"instock","24":"sale","25":"shipping-taxable","26":"purchasable","27":"product-type-variable"},"_links":{"self":[{"href":"https:\/\/specialspex.artitex.dev\/de\/wp-json\/wp\/v2\/product\/76037","targetHints":{"allow":["GET"]}}],"collection":[{"href":"https:\/\/specialspex.artitex.dev\/de\/wp-json\/wp\/v2\/product"}],"about":[{"href":"https:\/\/specialspex.artitex.dev\/de\/wp-json\/wp\/v2\/types\/product"}],"wp:featuredmedia":[{"embeddable":true,"href":"https:\/\/specialspex.artitex.dev\/de\/wp-json\/wp\/v2\/media\/52510"}],"wp:attachment":[{"href":"https:\/\/specialspex.artitex.dev\/de\/wp-json\/wp\/v2\/media?parent=76037"}],"wp:term":[{"taxonomy":"product_brand","embeddable":true,"href":"https:\/\/specialspex.artitex.dev\/de\/wp-json\/wp\/v2\/product_brand?post=76037"},{"taxonomy":"product_cat","embeddable":true,"href":"https:\/\/specialspex.artitex.dev\/de\/wp-json\/wp\/v2\/product_cat?post=76037"},{"taxonomy":"product_tag","embeddable":true,"href":"https:\/\/specialspex.artitex.dev\/de\/wp-json\/wp\/v2\/product_tag?post=76037"}],"curies":[{"name":"wp","href":"https:\/\/api.w.org\/{rel}","templated":true}]}}