{"id":76044,"date":"2025-11-28T10:48:18","date_gmt":"2025-11-28T09:48:18","guid":{"rendered":"https:\/\/specialspex.artitex.dev\/product\/boss\/"},"modified":"2025-11-28T10:48:18","modified_gmt":"2025-11-28T09:48:18","slug":"boss","status":"publish","type":"product","link":"https:\/\/specialspex.artitex.dev\/de\/motorradbrille\/wiley-x-boss\/","title":{"rendered":"Boss"},"content":{"rendered":"<p data-start=\"348\" data-end=\"785\">Die Wiley X Boss ist f\u00fcr maximalen Schutz, Stabilit\u00e4t und Komfort unter anspruchsvollen Bedingungen gemacht. Das robuste Wrap-around-Design liegt eng am Gesicht an und blockt Wind, Staub, helles Licht und Fahrtwind ab. Dank der mitgelieferten Facial Cavity\u2122 Seal (herausnehmbare Schaumstoffschicht) schaffst du eine praktisch winddichte Abdichtung, ideal f\u00fcr Motorradfahren, MTB, Schie\u00dfsport und andere Situationen, in denen deine Augen zus\u00e4tzlichen Schutz brauchen.  <\/p>\n<p data-start=\"787\" data-end=\"1075\">Der Rahmen ist robust, aber bequem und bleibt auch bei hohen Geschwindigkeiten oder im Gel\u00e4nde stabil. Die Selenite-Gl\u00e4ser von Wiley X bieten eine scharfe Optik und hohe Sto\u00dffestigkeit. Die Boss tr\u00e4gt sich entspannt wie eine Sportbrille, sch\u00fctzt aber wie eine professionelle Outdoor-Brille.  <\/p>\n<p data-start=\"1077\" data-end=\"1587\">- Sportliche, robuste Wrap-around-Passform f\u00fcr maximalen Seitenschutz<br data-start=\"1147\" data-end=\"1150\">- Facial Cavity\u2122 Seal gegen Wind, Staub und Turbulenzen; abnehmbar f\u00fcr den t\u00e4glichen Gebrauch<br data-start=\"1238\" data-end=\"1241\">- Robuster, langlebiger Rahmen, der auch bei langen Fahrten und Outdoor-Aktivit\u00e4ten bequem bleibt<br data-start=\"1331\" data-end=\"1334\">- Optisch klare, sto\u00dffeste Polycarbonat-Gl\u00e4ser<br data-start=\"1391\" data-end=\"1394\">- Ideal f\u00fcr Motorradfahren, MTB, Schie\u00dfsport, Outdoor und den t\u00e4glichen Gebrauch<br data-start=\"1467\" data-end=\"1470\">- Weite Passform mit hoher Stabilit\u00e4t bei Bewegung<br data-start=\"1523\" data-end=\"1526\">- EN166-zertifiziert f\u00fcr pers\u00f6nlichen Augenschutz<\/p>\n<p data-start=\"1589\" data-end=\"1836\">Erh\u00e4ltlich in verschreibungspflichtigen<br data-start=\"1608\" data-end=\"1611\">Die Wiley X Boss ist voll verschreibungspflichtig mit gebogenen Sportgl\u00e4sern in der von dir gew\u00e4hlten T\u00f6nung oder Co-T\u00f6nung.<\/p>\n","protected":false},"excerpt":{"rendered":"<p data-start=\"348\" data-end=\"785\">Die Wiley X Boss ist f\u00fcr maximalen Schutz, Stabilit\u00e4t und Komfort unter anspruchsvollen Bedingungen gemacht. Das robuste Wrap-around-Design liegt eng am Gesicht an und blockt Wind, Staub, helles Licht und Fahrtwind ab. Dank der mitgelieferten Facial Cavity\u2122 Seal (herausnehmbare Schaumstoffschicht) schaffst du eine praktisch winddichte Abdichtung, ideal f\u00fcr Motorradfahren, MTB, Schie\u00dfsport und andere Situationen, in denen deine Augen zus\u00e4tzlichen Schutz brauchen.  <\/p>\n<p data-start=\"787\" data-end=\"1075\">Der Rahmen ist robust, aber bequem und bleibt auch bei hohen Geschwindigkeiten oder im Gel\u00e4nde stabil. Die Selenite-Gl\u00e4ser von Wiley X bieten eine scharfe Optik und hohe Sto\u00dffestigkeit. Die Boss tr\u00e4gt sich entspannt wie eine Sportbrille, sch\u00fctzt aber wie eine professionelle Outdoor-Brille.  <\/p>\n<p data-start=\"1077\" data-end=\"1587\">- Sportliche, robuste Wrap-around-Passform f\u00fcr maximalen Seitenschutz<br data-start=\"1147\" data-end=\"1150\">- Facial Cavity\u2122 Seal gegen Wind, Staub und Turbulenzen; abnehmbar f\u00fcr den t\u00e4glichen Gebrauch<br data-start=\"1238\" data-end=\"1241\">- Robuster, langlebiger Rahmen, der auch bei langen Fahrten und Outdoor-Aktivit\u00e4ten bequem bleibt<br data-start=\"1331\" data-end=\"1334\">- Optisch klare, sto\u00dffeste Polycarbonat-Gl\u00e4ser<br data-start=\"1391\" data-end=\"1394\">- Ideal f\u00fcr Motorradfahren, MTB, Schie\u00dfsport, Outdoor und den t\u00e4glichen Gebrauch<br data-start=\"1467\" data-end=\"1470\">- Weite Passform mit hoher Stabilit\u00e4t bei Bewegung<br data-start=\"1523\" data-end=\"1526\">- EN166-zertifiziert f\u00fcr pers\u00f6nlichen Augenschutz<\/p>\n<p data-start=\"1589\" data-end=\"1836\">Erh\u00e4ltlich in verschreibungspflichtigen<br data-start=\"1608\" data-end=\"1611\">Die Wiley X Boss ist voll verschreibungspflichtig mit gebogenen Sportgl\u00e4sern in der von dir gew\u00e4hlten T\u00f6nung oder Co-T\u00f6nung.<\/p>\n","protected":false},"featured_media":67849,"template":"","meta":[],"product_brand":[793],"product_cat":[659,663,584,687,666,688],"product_tag":[],"class_list":{"0":"post-76044","1":"product","2":"type-product","3":"status-publish","4":"has-post-thumbnail","6":"product_brand-wiley-x","7":"product_cat-motorradbrille","8":"product_cat-segeln","9":"product_cat-sportbrille","10":"product_cat-surfen-kite-surfen","11":"product_cat-tourenmotorrad","12":"product_cat-wassersport","13":"pa_geschikt-voor-frauen","14":"pa_geschikt-voor-manner","15":"pa_kleur-montuur-schwarz-3","16":"pa_kleur-montuur-schwarz-2","17":"pa_kleur-montuur-schwarz","18":"pa_maat-montuur-gross","19":"pa_soort-bril-op-sterkte-mit-sehstaerke","20":"pa_soort-bril-op-sterkte-ohne-sehstaerke","22":"first","23":"instock","24":"sale","25":"shipping-taxable","26":"purchasable","27":"product-type-variable"},"_links":{"self":[{"href":"https:\/\/specialspex.artitex.dev\/de\/wp-json\/wp\/v2\/product\/76044","targetHints":{"allow":["GET"]}}],"collection":[{"href":"https:\/\/specialspex.artitex.dev\/de\/wp-json\/wp\/v2\/product"}],"about":[{"href":"https:\/\/specialspex.artitex.dev\/de\/wp-json\/wp\/v2\/types\/product"}],"wp:featuredmedia":[{"embeddable":true,"href":"https:\/\/specialspex.artitex.dev\/de\/wp-json\/wp\/v2\/media\/67849"}],"wp:attachment":[{"href":"https:\/\/specialspex.artitex.dev\/de\/wp-json\/wp\/v2\/media?parent=76044"}],"wp:term":[{"taxonomy":"product_brand","embeddable":true,"href":"https:\/\/specialspex.artitex.dev\/de\/wp-json\/wp\/v2\/product_brand?post=76044"},{"taxonomy":"product_cat","embeddable":true,"href":"https:\/\/specialspex.artitex.dev\/de\/wp-json\/wp\/v2\/product_cat?post=76044"},{"taxonomy":"product_tag","embeddable":true,"href":"https:\/\/specialspex.artitex.dev\/de\/wp-json\/wp\/v2\/product_tag?post=76044"}],"curies":[{"name":"wp","href":"https:\/\/api.w.org\/{rel}","templated":true}]}}