{"id":76071,"date":"2025-11-27T09:33:53","date_gmt":"2025-11-27T08:33:53","guid":{"rendered":"https:\/\/specialspex.artitex.dev\/product\/fuller-55\/"},"modified":"2025-11-27T09:33:53","modified_gmt":"2025-11-27T08:33:53","slug":"fuller-55","status":"publish","type":"product","link":"https:\/\/specialspex.artitex.dev\/de\/sport-laessig\/oakley-fuller-55\/","title":{"rendered":"Fuller\u2122 55"},"content":{"rendered":"<p data-start=\"215\" data-end=\"815\">Die Oakley Fuller ist ein leichter und moderner Metallrahmen, der einen sportlichen Look mit Alltagskomfort verbindet. Das langlebige C-5-Metall sorgt f\u00fcr eine robuste und dennoch luftige Konstruktion, die die Brille auch bei l\u00e4ngerem Tragen bequem macht. Die weichen Unobtainium-Ohrst\u00f6psel und die luftgef\u00fcllten Nasenpads bieten zus\u00e4tzlichen Halt und Stabilit\u00e4t, w\u00e4hrend der Drei-Punkt-Sitz eine pr\u00e4zise Ausrichtung der Gl\u00e4ser gew\u00e4hrleistet. Das rechteckige Design mit subtiler Wickelform bietet ein weites Sichtfeld und einen zeitlosen Look, der sich f\u00fcr Arbeit, Freizeit und Alltag eignet.   <\/p>\n<p data-start=\"817\" data-end=\"1237\">- Leichter C-5 Metallrahmen f\u00fcr Langlebigkeit und Komfort<br data-start=\"880\" data-end=\"883\">- Unobtainium-Ohrst\u00f6psel und luftgef\u00fcllte Nasenpads f\u00fcr Stabilit\u00e4t und Halt<br data-start=\"954\" data-end=\"957\">- Drei-Punkt-Sitz f\u00fcr pr\u00e4zise optische Ausrichtung<br data-start=\"1011\" data-end=\"1014\">- Rechteckige 6-Basen-Glasform f\u00fcr ein weites Sichtfeld<br data-start=\"1071\" data-end=\"1074\">- Geeignet f\u00fcr den t\u00e4glichen Gebrauch, die Arbeit und sportliche Momente<br data-start=\"1135\" data-end=\"1138\">- Kann mit hochwertigen Specialspex-Gl\u00e4sern erworben werden<br data-start=\"1197\" data-end=\"1200\">- Inklusive Schutzh\u00fclle<\/p>\n","protected":false},"excerpt":{"rendered":"<p data-start=\"215\" data-end=\"815\">Die Oakley Fuller ist ein leichter und moderner Metallrahmen, der einen sportlichen Look mit Alltagskomfort verbindet. Das langlebige C-5-Metall sorgt f\u00fcr eine robuste und dennoch luftige Konstruktion, die die Brille auch bei l\u00e4ngerem Tragen bequem macht. Die weichen Unobtainium-Ohrst\u00f6psel und die luftgef\u00fcllten Nasenpads bieten zus\u00e4tzlichen Halt und Stabilit\u00e4t, w\u00e4hrend der Drei-Punkt-Sitz eine pr\u00e4zise Ausrichtung der Gl\u00e4ser gew\u00e4hrleistet. Das rechteckige Design mit subtiler Wickelform bietet ein weites Sichtfeld und einen zeitlosen Look, der sich f\u00fcr Arbeit, Freizeit und Alltag eignet.   <\/p>\n<p data-start=\"817\" data-end=\"1237\">- Leichter C-5 Metallrahmen f\u00fcr Langlebigkeit und Komfort<br data-start=\"880\" data-end=\"883\">- Unobtainium-Ohrst\u00f6psel und luftgef\u00fcllte Nasenpads f\u00fcr Stabilit\u00e4t und Halt<br data-start=\"954\" data-end=\"957\">- Drei-Punkt-Sitz f\u00fcr pr\u00e4zise optische Ausrichtung<br data-start=\"1011\" data-end=\"1014\">- Rechteckige 6-Basen-Glasform f\u00fcr ein weites Sichtfeld<br data-start=\"1071\" data-end=\"1074\">- Geeignet f\u00fcr den t\u00e4glichen Gebrauch, die Arbeit und sportliche Momente<br data-start=\"1135\" data-end=\"1138\">- Kann mit hochwertigen Specialspex-Gl\u00e4sern erworben werden<br data-start=\"1197\" data-end=\"1200\">- Inklusive Schutzh\u00fclle<\/p>\n","protected":false},"featured_media":67299,"template":"","meta":[],"product_brand":[806],"product_cat":[696],"product_tag":[],"class_list":{"0":"post-76071","1":"product","2":"type-product","3":"status-publish","4":"has-post-thumbnail","6":"product_brand-oakley","7":"product_cat-sport-laessig","8":"pa_geschikt-voor-frauen","9":"pa_geschikt-voor-manner","10":"pa_kleur-montuur-blau","11":"pa_kleur-montuur-braun","12":"pa_kleur-montuur-schwarz","13":"pa_maat-montuur-gross","14":"pa_maat-montuur-medium","15":"pa_soort-bril-op-sterkte-mit-sehstaerke","17":"first","18":"instock","19":"sale","20":"shipping-taxable","21":"purchasable","22":"product-type-variable"},"_links":{"self":[{"href":"https:\/\/specialspex.artitex.dev\/de\/wp-json\/wp\/v2\/product\/76071","targetHints":{"allow":["GET"]}}],"collection":[{"href":"https:\/\/specialspex.artitex.dev\/de\/wp-json\/wp\/v2\/product"}],"about":[{"href":"https:\/\/specialspex.artitex.dev\/de\/wp-json\/wp\/v2\/types\/product"}],"wp:featuredmedia":[{"embeddable":true,"href":"https:\/\/specialspex.artitex.dev\/de\/wp-json\/wp\/v2\/media\/67299"}],"wp:attachment":[{"href":"https:\/\/specialspex.artitex.dev\/de\/wp-json\/wp\/v2\/media?parent=76071"}],"wp:term":[{"taxonomy":"product_brand","embeddable":true,"href":"https:\/\/specialspex.artitex.dev\/de\/wp-json\/wp\/v2\/product_brand?post=76071"},{"taxonomy":"product_cat","embeddable":true,"href":"https:\/\/specialspex.artitex.dev\/de\/wp-json\/wp\/v2\/product_cat?post=76071"},{"taxonomy":"product_tag","embeddable":true,"href":"https:\/\/specialspex.artitex.dev\/de\/wp-json\/wp\/v2\/product_tag?post=76071"}],"curies":[{"name":"wp","href":"https:\/\/api.w.org\/{rel}","templated":true}]}}