{"id":76088,"date":"2025-11-26T16:42:59","date_gmt":"2025-11-26T15:42:59","guid":{"rendered":"https:\/\/specialspex.artitex.dev\/product\/chamfer\/"},"modified":"2026-04-18T12:08:41","modified_gmt":"2026-04-18T10:08:41","slug":"chamfer","status":"publish","type":"product","link":"https:\/\/specialspex.artitex.dev\/de\/sport-laessig\/oakley-chamfer\/","title":{"rendered":"Chamfer"},"content":{"rendered":"<p data-start=\"432\" data-end=\"885\">Die Oakley Chamfer ist ein moderner und leichter Rahmen, der eine neue Sichtweise auf sportliche Lifestyle-Brillen bietet. Dank ihres schlanken Designs mit quadratischer Scheibenform und dezent abgeschr\u00e4gten Kanten f\u00fchlt sich die Chamfer bequem an und passt in fast jede Situation: in der Schule, bei der Arbeit, in der Freizeit oder bei Nacht. Die Konstruktion sorgt f\u00fcr einen bequemen Sitz, Stabilit\u00e4t in der Bewegung und einen Look, der Sport und Stil m\u00fchelos verbindet.  <\/p>\n<p data-start=\"887\" data-end=\"1300\">- Edelstahlkonstruktion f\u00fcr Langlebigkeit und ein leichtes Tragegef\u00fchl<br data-start=\"959\" data-end=\"962\">- Unobtainium-Ohrst\u00f6psel f\u00fcr zus\u00e4tzlichen Halt, auch wenn du schwitzt<br data-start=\"1023\" data-end=\"1026\">- Silikon-Nasenpads f\u00fcr Komfort und eine individuelle Passform<br data-start=\"1084\" data-end=\"1087\">- Drei-Punkt-Sitz f\u00fcr eine optimale Ausrichtung der Gl\u00e4ser<br data-start=\"1143\" data-end=\"1146\">- Geeignet f\u00fcr mittlere bis gro\u00dfe Gesichtsformen<br data-start=\"1198\" data-end=\"1201\">- Kann mit hochwertigen Specialspex-Gl\u00e4sern an verschreibungspflichtige Gl\u00e4ser angepasst werden<br data-start=\"1260\" data-end=\"1263\">- Aufbewahrungsetui enthalten<\/p>\n","protected":false},"excerpt":{"rendered":"<p data-start=\"432\" data-end=\"885\">Die Oakley Chamfer ist ein moderner und leichter Rahmen, der eine neue Sichtweise auf sportliche Lifestyle-Brillen bietet. Dank ihres schlanken Designs mit quadratischer Scheibenform und dezent abgeschr\u00e4gten Kanten f\u00fchlt sich die Chamfer bequem an und passt in fast jede Situation: in der Schule, bei der Arbeit, in der Freizeit oder bei Nacht. Die Konstruktion sorgt f\u00fcr einen bequemen Sitz, Stabilit\u00e4t in der Bewegung und einen Look, der Sport und Stil m\u00fchelos verbindet.  <\/p>\n<p data-start=\"887\" data-end=\"1300\">- Edelstahlkonstruktion f\u00fcr Langlebigkeit und ein leichtes Tragegef\u00fchl<br data-start=\"959\" data-end=\"962\">- Unobtainium-Ohrst\u00f6psel f\u00fcr zus\u00e4tzlichen Halt, auch wenn du schwitzt<br data-start=\"1023\" data-end=\"1026\">- Silikon-Nasenpads f\u00fcr Komfort und eine individuelle Passform<br data-start=\"1084\" data-end=\"1087\">- Drei-Punkt-Sitz f\u00fcr eine optimale Ausrichtung der Gl\u00e4ser<br data-start=\"1143\" data-end=\"1146\">- Geeignet f\u00fcr mittlere bis gro\u00dfe Gesichtsformen<br data-start=\"1198\" data-end=\"1201\">- Kann mit hochwertigen Specialspex-Gl\u00e4sern an verschreibungspflichtige Gl\u00e4ser angepasst werden<br data-start=\"1260\" data-end=\"1263\">- Aufbewahrungsetui enthalten<\/p>\n","protected":false},"featured_media":58222,"template":"","meta":[],"product_brand":[806],"product_cat":[696],"product_tag":[],"class_list":{"0":"post-76088","1":"product","2":"type-product","3":"status-publish","4":"has-post-thumbnail","6":"product_brand-oakley","7":"product_cat-sport-laessig","8":"pa_geschikt-voor-frauen","9":"pa_geschikt-voor-manner","10":"pa_kleur-montuur-schwarz","11":"pa_maat-montuur-gross","12":"pa_maat-montuur-medium","13":"pa_soort-bril-op-sterkte-mit-sehstaerke","15":"first","16":"instock","17":"sale","18":"shipping-taxable","19":"purchasable","20":"product-type-simple"},"_links":{"self":[{"href":"https:\/\/specialspex.artitex.dev\/de\/wp-json\/wp\/v2\/product\/76088","targetHints":{"allow":["GET"]}}],"collection":[{"href":"https:\/\/specialspex.artitex.dev\/de\/wp-json\/wp\/v2\/product"}],"about":[{"href":"https:\/\/specialspex.artitex.dev\/de\/wp-json\/wp\/v2\/types\/product"}],"wp:featuredmedia":[{"embeddable":true,"href":"https:\/\/specialspex.artitex.dev\/de\/wp-json\/wp\/v2\/media\/58222"}],"wp:attachment":[{"href":"https:\/\/specialspex.artitex.dev\/de\/wp-json\/wp\/v2\/media?parent=76088"}],"wp:term":[{"taxonomy":"product_brand","embeddable":true,"href":"https:\/\/specialspex.artitex.dev\/de\/wp-json\/wp\/v2\/product_brand?post=76088"},{"taxonomy":"product_cat","embeddable":true,"href":"https:\/\/specialspex.artitex.dev\/de\/wp-json\/wp\/v2\/product_cat?post=76088"},{"taxonomy":"product_tag","embeddable":true,"href":"https:\/\/specialspex.artitex.dev\/de\/wp-json\/wp\/v2\/product_tag?post=76088"}],"curies":[{"name":"wp","href":"https:\/\/api.w.org\/{rel}","templated":true}]}}