{"id":76099,"date":"2025-11-26T16:36:07","date_gmt":"2025-11-26T15:36:07","guid":{"rendered":"https:\/\/specialspex.artitex.dev\/product\/activate-55\/"},"modified":"2026-04-18T12:08:42","modified_gmt":"2026-04-18T10:08:42","slug":"activate-55","status":"publish","type":"product","link":"https:\/\/specialspex.artitex.dev\/de\/sport-laessig\/oakley-activate-55\/","title":{"rendered":"Activate 55"},"content":{"rendered":"<p data-start=\"197\" data-end=\"628\">Die Oakley Activate kombiniert eine moderne Form mit einem High-Wrap-Design, so dass die Brille m\u00fchelos zwischen Arbeit, Alltag und sportlichen Aktivit\u00e4ten wechseln kann. Die Brille wurde f\u00fcr M\u00e4nner mit einem aktiven Lebensstil entwickelt und schafft ein Gleichgewicht zwischen stilvollem Aussehen und sportlicher Leistung. Dank des leichten O Matter-Materials und der verstellbaren Passform tr\u00e4gt sich die Brille auch bei l\u00e4ngerem Gebrauch angenehm.  <\/p>\n<p data-start=\"630\" data-end=\"1137\">- Lifestyle-orientiertes 6-Base-Wrap-Design mit moderner, quadratischer Silhouette<br data-start=\"696\" data-end=\"699\">- Leichtes O Matter-Material f\u00fcr Langlebigkeit und Tragekomfort<br data-start=\"766\" data-end=\"769\">- Die Ace-Fit-Technologie erm\u00f6glicht die Anpassung der Brillenfedern f\u00fcr eine individuelle Passform<br data-start=\"863\" data-end=\"866\">- Verstellbare Brillenfedern aus Titan und Unobtainium-Ohrst\u00f6psel f\u00fcr zus\u00e4tzlichen Halt, auch wenn du schwitzt<br data-start=\"959\" data-end=\"962\">- TruBridge-Nasenpads aus Unobtainium f\u00fcr optimale Stabilit\u00e4t und Passform<br data-start=\"1035\" data-end=\"1038\">- Kann mit hochwertigen Specialspex-Gl\u00e4sern auf Korrektionsgl\u00e4ser aufger\u00fcstet werden<br data-start=\"1097\" data-end=\"1100\">- Schutzetui im Lieferumfang enthalten<\/p>\n","protected":false},"excerpt":{"rendered":"<p data-start=\"197\" data-end=\"628\">Die Oakley Activate kombiniert eine moderne Form mit einem High-Wrap-Design, so dass die Brille m\u00fchelos zwischen Arbeit, Alltag und sportlichen Aktivit\u00e4ten wechseln kann. Die Brille wurde f\u00fcr M\u00e4nner mit einem aktiven Lebensstil entwickelt und schafft ein Gleichgewicht zwischen stilvollem Aussehen und sportlicher Leistung. Dank des leichten O Matter-Materials und der verstellbaren Passform tr\u00e4gt sich die Brille auch bei l\u00e4ngerem Gebrauch angenehm.  <\/p>\n<p data-start=\"630\" data-end=\"1137\">- Lifestyle-orientiertes 6-Base-Wrap-Design mit moderner, quadratischer Silhouette<br data-start=\"696\" data-end=\"699\">- Leichtes O Matter-Material f\u00fcr Langlebigkeit und Tragekomfort<br data-start=\"766\" data-end=\"769\">- Die Ace-Fit-Technologie erm\u00f6glicht die Anpassung der Brillenfedern f\u00fcr eine individuelle Passform<br data-start=\"863\" data-end=\"866\">- Verstellbare Brillenfedern aus Titan und Unobtainium-Ohrst\u00f6psel f\u00fcr zus\u00e4tzlichen Halt, auch wenn du schwitzt<br data-start=\"959\" data-end=\"962\">- TruBridge-Nasenpads aus Unobtainium f\u00fcr optimale Stabilit\u00e4t und Passform<br data-start=\"1035\" data-end=\"1038\">- Kann mit hochwertigen Specialspex-Gl\u00e4sern auf Korrektionsgl\u00e4ser aufger\u00fcstet werden<br data-start=\"1097\" data-end=\"1100\">- Schutzetui im Lieferumfang enthalten<\/p>\n","protected":false},"featured_media":57994,"template":"","meta":[],"product_brand":[806],"product_cat":[696],"product_tag":[],"class_list":{"0":"post-76099","1":"product","2":"type-product","3":"status-publish","4":"has-post-thumbnail","6":"product_brand-oakley","7":"product_cat-sport-laessig","8":"pa_geschikt-voor-frauen","9":"pa_geschikt-voor-manner","10":"pa_kleur-montuur-grau","11":"pa_kleur-montuur-schwarz","12":"pa_maat-montuur-klein","13":"pa_maat-montuur-medium","14":"pa_soort-bril-op-sterkte-mit-sehstaerke","16":"first","17":"instock","18":"sale","19":"shipping-taxable","20":"purchasable","21":"product-type-variable"},"_links":{"self":[{"href":"https:\/\/specialspex.artitex.dev\/de\/wp-json\/wp\/v2\/product\/76099","targetHints":{"allow":["GET"]}}],"collection":[{"href":"https:\/\/specialspex.artitex.dev\/de\/wp-json\/wp\/v2\/product"}],"about":[{"href":"https:\/\/specialspex.artitex.dev\/de\/wp-json\/wp\/v2\/types\/product"}],"wp:featuredmedia":[{"embeddable":true,"href":"https:\/\/specialspex.artitex.dev\/de\/wp-json\/wp\/v2\/media\/57994"}],"wp:attachment":[{"href":"https:\/\/specialspex.artitex.dev\/de\/wp-json\/wp\/v2\/media?parent=76099"}],"wp:term":[{"taxonomy":"product_brand","embeddable":true,"href":"https:\/\/specialspex.artitex.dev\/de\/wp-json\/wp\/v2\/product_brand?post=76099"},{"taxonomy":"product_cat","embeddable":true,"href":"https:\/\/specialspex.artitex.dev\/de\/wp-json\/wp\/v2\/product_cat?post=76099"},{"taxonomy":"product_tag","embeddable":true,"href":"https:\/\/specialspex.artitex.dev\/de\/wp-json\/wp\/v2\/product_tag?post=76099"}],"curies":[{"name":"wp","href":"https:\/\/api.w.org\/{rel}","templated":true}]}}