{"id":76111,"date":"2025-11-26T15:01:57","date_gmt":"2025-11-26T14:01:57","guid":{"rendered":"https:\/\/specialspex.artitex.dev\/product\/victory\/"},"modified":"2026-04-18T12:08:42","modified_gmt":"2026-04-18T10:08:42","slug":"victory","status":"publish","type":"product","link":"https:\/\/specialspex.artitex.dev\/de\/sportbrille\/golfbrille\/nike-victory\/","title":{"rendered":"Victory"},"content":{"rendered":"<p data-start=\"131\" data-end=\"627\">Die Nike Victory ist eine sportliche und leichte Sonnenbrille, die f\u00fcr Stabilit\u00e4t und klare Sicht bei aktiven Outdoor-Workouts entwickelt wurde. Das moderne, stromlinienf\u00f6rmige Design sitzt bequem auf dem Gesicht und bietet ein weites Sichtfeld, damit du beim Laufen, Radfahren oder anderen schnellen Bewegungen immer scharf siehst. Dank gummierter Nasenpads und griffiger B\u00fcgelenden bleibt die Victory fest an ihrem Platz, auch wenn das Tempo steigt oder sich die Bedingungen \u00e4ndern.  <\/p>\n<p data-start=\"629\" data-end=\"736\">Die Kombination aus Funktionalit\u00e4t und schlankem Design macht diese Brille auch f\u00fcr den t\u00e4glichen Gebrauch geeignet.<\/p>\n<p data-start=\"738\" data-end=\"1103\">- Leichter Rahmen mit sportlichem, modernem Look<br data-start=\"795\" data-end=\"798\">- Gummierte Nasenpads und griffige Beinenden f\u00fcr einen stabilen Sitz<br data-start=\"870\" data-end=\"873\">- Weites Sichtfeld f\u00fcr klare Sicht bei Sport und Bewegung<br data-start=\"936\" data-end=\"939\">- Geeignet zum Laufen, Radfahren und f\u00fcr den t\u00e4glichen aktiven Gebrauch<br data-start=\"1001\" data-end=\"1004\">- Kann mit hochwertigen Specialspex-Gl\u00e4sern erworben werden<br data-start=\"1063\" data-end=\"1066\">- Schutzbeutel im Lieferumfang enthalten<\/p>\n","protected":false},"excerpt":{"rendered":"<p data-start=\"131\" data-end=\"627\">Die Nike Victory ist eine sportliche und leichte Sonnenbrille, die f\u00fcr Stabilit\u00e4t und klare Sicht bei aktiven Outdoor-Workouts entwickelt wurde. Das moderne, stromlinienf\u00f6rmige Design sitzt bequem auf dem Gesicht und bietet ein weites Sichtfeld, damit du beim Laufen, Radfahren oder anderen schnellen Bewegungen immer scharf siehst. Dank gummierter Nasenpads und griffiger B\u00fcgelenden bleibt die Victory fest an ihrem Platz, auch wenn das Tempo steigt oder sich die Bedingungen \u00e4ndern.  <\/p>\n<p data-start=\"629\" data-end=\"736\">Die Kombination aus Funktionalit\u00e4t und schlankem Design macht diese Brille auch f\u00fcr den t\u00e4glichen Gebrauch geeignet.<\/p>\n<p data-start=\"738\" data-end=\"1103\">- Leichter Rahmen mit sportlichem, modernem Look<br data-start=\"795\" data-end=\"798\">- Gummierte Nasenpads und griffige Beinenden f\u00fcr einen stabilen Sitz<br data-start=\"870\" data-end=\"873\">- Weites Sichtfeld f\u00fcr klare Sicht bei Sport und Bewegung<br data-start=\"936\" data-end=\"939\">- Geeignet zum Laufen, Radfahren und f\u00fcr den t\u00e4glichen aktiven Gebrauch<br data-start=\"1001\" data-end=\"1004\">- Kann mit hochwertigen Specialspex-Gl\u00e4sern erworben werden<br data-start=\"1063\" data-end=\"1066\">- Schutzbeutel im Lieferumfang enthalten<\/p>\n","protected":false},"featured_media":62446,"template":"","meta":[],"product_brand":[788],"product_cat":[584,660,560],"product_tag":[],"class_list":{"0":"post-76111","1":"product","2":"type-product","3":"status-publish","4":"has-post-thumbnail","6":"product_brand-nike","7":"product_cat-sportbrille","8":"product_cat-golfbrille","9":"product_cat-laufen","10":"pa_geschikt-voor-frauen","11":"pa_geschikt-voor-manner","12":"pa_kleur-montuur-blau","13":"pa_kleur-montuur-schwarz","14":"pa_maat-montuur-gross","15":"pa_maat-montuur-medium","16":"pa_soort-bril-op-sterkte-mit-sehstaerke","17":"pa_soort-bril-op-sterkte-ohne-sehstaerke","19":"first","20":"instock","21":"shipping-taxable","22":"purchasable","23":"product-type-variable"},"_links":{"self":[{"href":"https:\/\/specialspex.artitex.dev\/de\/wp-json\/wp\/v2\/product\/76111","targetHints":{"allow":["GET"]}}],"collection":[{"href":"https:\/\/specialspex.artitex.dev\/de\/wp-json\/wp\/v2\/product"}],"about":[{"href":"https:\/\/specialspex.artitex.dev\/de\/wp-json\/wp\/v2\/types\/product"}],"wp:featuredmedia":[{"embeddable":true,"href":"https:\/\/specialspex.artitex.dev\/de\/wp-json\/wp\/v2\/media\/62446"}],"wp:attachment":[{"href":"https:\/\/specialspex.artitex.dev\/de\/wp-json\/wp\/v2\/media?parent=76111"}],"wp:term":[{"taxonomy":"product_brand","embeddable":true,"href":"https:\/\/specialspex.artitex.dev\/de\/wp-json\/wp\/v2\/product_brand?post=76111"},{"taxonomy":"product_cat","embeddable":true,"href":"https:\/\/specialspex.artitex.dev\/de\/wp-json\/wp\/v2\/product_cat?post=76111"},{"taxonomy":"product_tag","embeddable":true,"href":"https:\/\/specialspex.artitex.dev\/de\/wp-json\/wp\/v2\/product_tag?post=76111"}],"curies":[{"name":"wp","href":"https:\/\/api.w.org\/{rel}","templated":true}]}}