{"id":76116,"date":"2025-11-25T17:34:47","date_gmt":"2025-11-25T16:34:47","guid":{"rendered":"https:\/\/specialspex.artitex.dev\/product\/lion\/"},"modified":"2026-04-18T12:08:49","modified_gmt":"2026-04-18T10:08:49","slug":"lion","status":"publish","type":"product","link":"https:\/\/specialspex.artitex.dev\/de\/sport-laessig\/gloryfy-lion\/","title":{"rendered":"Lion"},"content":{"rendered":"<p data-start=\"182\" data-end=\"639\">Die Gloryfy Lion 4-8 Jahre ist eine unzerbrechliche Kinderbrille, die speziell f\u00fcr junge, aktive Kinder entwickelt wurde. Dank des flexiblen und nahezu unzerst\u00f6rbaren Materials bleiben sowohl der Rahmen als auch die Gl\u00e4ser unversehrt, wenn sie fallen gelassen, angesto\u00dfen und verbogen werden. Das macht die Brille ideal f\u00fcr Kinder, die gerne im Freien spielen, laufen, Rad fahren und Sport treiben. Die Lion sitzt bequem auf dem Gesicht und hat einen stabilen Sitz, der bei jeder Bewegung sicher an seinem Platz bleibt.   <\/p>\n<p data-start=\"641\" data-end=\"838\">Wie alle Gloryfy-Modelle wird auch der Lion in Tirol (\u00d6sterreich) hergestellt, wo Hightech-Technologie und sorgf\u00e4ltige Handwerkskunst f\u00fcr au\u00dfergew\u00f6hnliche Qualit\u00e4t und Langlebigkeit kombiniert werden.<\/p>\n<p data-start=\"840\" data-end=\"1156\">- Unzerbrechliche Konstruktion und unzerbrechliche Gl\u00e4ser<br data-start=\"887\" data-end=\"890\">- Leichtes und flexibles Design f\u00fcr hohen Tragekomfort<br data-start=\"947\" data-end=\"950\">- Stabiler Sitz, ideal f\u00fcr energiegeladene und aktive Kinder<br data-start=\"1011\" data-end=\"1014\">- Mit hochwertigen Specialspex-Gl\u00e4sern erh\u00e4ltlich<br data-start=\"1073\" data-end=\"1076\">- Perfekt f\u00fcr Spiel, Schule und Sport im Freien<br data-start=\"1120\" data-end=\"1123\">- Hergestellt in Tirol (\u00d6sterreich)<\/p>\n","protected":false},"excerpt":{"rendered":"<p data-start=\"182\" data-end=\"639\">Die Gloryfy Lion 4-8 Jahre ist eine unzerbrechliche Kinderbrille, die speziell f\u00fcr junge, aktive Kinder entwickelt wurde. Dank des flexiblen und nahezu unzerst\u00f6rbaren Materials bleiben sowohl der Rahmen als auch die Gl\u00e4ser unversehrt, wenn sie fallen gelassen, angesto\u00dfen und verbogen werden. Das macht die Brille ideal f\u00fcr Kinder, die gerne im Freien spielen, laufen, Rad fahren und Sport treiben. Die Lion sitzt bequem auf dem Gesicht und hat einen stabilen Sitz, der bei jeder Bewegung sicher an seinem Platz bleibt.   <\/p>\n<p data-start=\"641\" data-end=\"838\">Wie alle Gloryfy-Modelle wird auch der Lion in Tirol (\u00d6sterreich) hergestellt, wo Hightech-Technologie und sorgf\u00e4ltige Handwerkskunst f\u00fcr au\u00dfergew\u00f6hnliche Qualit\u00e4t und Langlebigkeit kombiniert werden.<\/p>\n<p data-start=\"840\" data-end=\"1156\">- Unzerbrechliche Konstruktion und unzerbrechliche Gl\u00e4ser<br data-start=\"887\" data-end=\"890\">- Leichtes und flexibles Design f\u00fcr hohen Tragekomfort<br data-start=\"947\" data-end=\"950\">- Stabiler Sitz, ideal f\u00fcr energiegeladene und aktive Kinder<br data-start=\"1011\" data-end=\"1014\">- Mit hochwertigen Specialspex-Gl\u00e4sern erh\u00e4ltlich<br data-start=\"1073\" data-end=\"1076\">- Perfekt f\u00fcr Spiel, Schule und Sport im Freien<br data-start=\"1120\" data-end=\"1123\">- Hergestellt in Tirol (\u00d6sterreich)<\/p>\n","protected":false},"featured_media":66656,"template":"","meta":[],"product_brand":[823],"product_cat":[594,696],"product_tag":[],"class_list":{"0":"post-76116","1":"product","2":"type-product","3":"status-publish","4":"has-post-thumbnail","6":"product_brand-gloryfy","7":"product_cat-sportbrillen-fuer-kinder","8":"product_cat-sport-laessig","9":"pa_geschikt-voor-sportbrillen-fuer-kinder","10":"pa_kleur-montuur-grau","11":"pa_kleur-montuur-lila","12":"pa_kleur-montuur-rosa","13":"pa_maat-montuur-kinder-4-8-jahre","14":"pa_soort-bril-op-sterkte-mit-sehstaerke","16":"first","17":"instock","18":"shipping-taxable","19":"purchasable","20":"product-type-variable"},"_links":{"self":[{"href":"https:\/\/specialspex.artitex.dev\/de\/wp-json\/wp\/v2\/product\/76116","targetHints":{"allow":["GET"]}}],"collection":[{"href":"https:\/\/specialspex.artitex.dev\/de\/wp-json\/wp\/v2\/product"}],"about":[{"href":"https:\/\/specialspex.artitex.dev\/de\/wp-json\/wp\/v2\/types\/product"}],"wp:featuredmedia":[{"embeddable":true,"href":"https:\/\/specialspex.artitex.dev\/de\/wp-json\/wp\/v2\/media\/66656"}],"wp:attachment":[{"href":"https:\/\/specialspex.artitex.dev\/de\/wp-json\/wp\/v2\/media?parent=76116"}],"wp:term":[{"taxonomy":"product_brand","embeddable":true,"href":"https:\/\/specialspex.artitex.dev\/de\/wp-json\/wp\/v2\/product_brand?post=76116"},{"taxonomy":"product_cat","embeddable":true,"href":"https:\/\/specialspex.artitex.dev\/de\/wp-json\/wp\/v2\/product_cat?post=76116"},{"taxonomy":"product_tag","embeddable":true,"href":"https:\/\/specialspex.artitex.dev\/de\/wp-json\/wp\/v2\/product_tag?post=76116"}],"curies":[{"name":"wp","href":"https:\/\/api.w.org\/{rel}","templated":true}]}}