{"id":76129,"date":"2025-11-25T17:05:50","date_gmt":"2025-11-25T16:05:50","guid":{"rendered":"https:\/\/specialspex.artitex.dev\/product\/elate-o-pro-s\/"},"modified":"2025-11-25T17:05:50","modified_gmt":"2025-11-25T16:05:50","slug":"elate-o-pro-s","status":"publish","type":"product","link":"https:\/\/specialspex.artitex.dev\/de\/sportbrille\/bergsteigerbrille\/evil-eye-elate-o-pro-s\/","title":{"rendered":"Elate.O pro S"},"content":{"rendered":"<p data-start=\"276\" data-end=\"693\">Der Evil Eye Elate O Pro S wurde f\u00fcr Bergsportler entwickelt, die bei hochalpinen Bedingungen maximalen Schutz und Stabilit\u00e4t ben\u00f6tigen. Die kompakte S-Passform liegt eng an kleinen bis mittelgro\u00dfen Gesichtern an, w\u00e4hrend das Wrap-around-Design eine weite und klare Sicht auf Bergpfaden, Felsrouten und Gletschergel\u00e4nde erm\u00f6glicht. Der leichte PPX-Rahmen ist flexibel, robust und widerstandsf\u00e4hig gegen K\u00e4lte, Wind und intensiven Gebrauch in der H\u00f6he.  <\/p>\n<p data-start=\"695\" data-end=\"1128\">Die Pro-Version ist mit einer herausnehmbaren Schaumstoffschicht ausgestattet, die sich eng um den oberen Rand schlie\u00dft und zus\u00e4tzlichen Schutz vor Wind, Eis, Schnee und hellem Licht bietet. Diese Schaumstoffschicht kann leicht entfernt werden, wenn du eine leichtere Bel\u00fcftung oder ein offeneres Tragegef\u00fchl w\u00fcnschst. Au\u00dferdem ist eine separate Nasenhaube im Lieferumfang enthalten, die das Gesicht zus\u00e4tzlich vor K\u00e4lte und Blendung sch\u00fctzt - ideal f\u00fcr Touren oberhalb der Baumgrenze oder auf Schneefeldern.  <\/p>\n<p data-start=\"1130\" data-end=\"1611\">Die Form der Scheibe ist h\u00f6her im Rahmen und liegt nicht auf den Wangen auf. Das sorgt f\u00fcr einen luftigen Sitz bei intensiven Anstiegen oder schnellen Abfahrten. Die Bel\u00fcftungskan\u00e4le um die Scheibe herum begrenzen die Kondensation, wenn sich die Temperatur oder die Anstrengungsintensit\u00e4t schnell \u00e4ndert. Die Evil Eye Gl\u00e4ser sind in kontrastverst\u00e4rkten, verspiegelten und VARiO (selbstt\u00f6nenden) Varianten erh\u00e4ltlich, darunter auch Optionen mit sehr dunklen Gl\u00e4sern der Kategorie 4, die sich f\u00fcr hellen Sonnenschutz auf dem Gletscher eignen  <\/p>\n<p data-start=\"1613\" data-end=\"2295\">- Pro-Version mit abnehmbarer Schaumstoffschicht zum Schutz vor Schnee, Wind und K\u00e4lte<br data-start=\"1692\" data-end=\"1695\">- Lose mitgelieferte Nasenhaube f\u00fcr zus\u00e4tzlichen Schutz bei hochalpinen Bedingungen<br data-start=\"1775\" data-end=\"1778\">- Kompakte S-Passform f\u00fcr kleine bis mittlere Gesichter<br data-start=\"1830\" data-end=\"1833\">- Wrap-around-Design mit breiter und stabiler Sicht<br data-start=\"1881\" data-end=\"1884\">- PPX-Rahmen: leicht, flexibel und widerstandsf\u00e4hig bei niedrigen Temperaturen<br data-start=\"1943\" data-end=\"1946\">- Bel\u00fcftungszonen, die das Beschlagen bei intensiver Anstrengung reduzieren<br data-start=\"2024\" data-end=\"2027\" data-is-only-node=\"\">- Scheibenform, die nicht auf den Wangen aufliegt<br data-start=\"2064\" data-end=\"2067\">- Geeignet f\u00fcr extreme Lichtverh\u00e4ltnisse dank Kontrast-, Spiegel- und Kategorie 4-Scheibenoptionen<br data-start=\"2159\" data-end=\"2162\">- Schnellwechselsystem f\u00fcr schnellen Scheibenwechsel<br data-start=\"2217\" data-end=\"2220\">- Verstellbarer Nasensteg und traktionsf\u00e4hige F\u00fc\u00dfe f\u00fcr maximale Stabilit\u00e4t<\/p>\n","protected":false},"excerpt":{"rendered":"[video width=\"1920\" height=\"1080\" mp4=\"https:\/\/specialspex.artitex.dev\/wp-content\/uploads\/2025\/11\/elate.o-pro_spare-parts.mp4\"][\/video]\n","protected":false},"featured_media":66560,"template":"","meta":[],"product_brand":[808],"product_cat":[658,699,677,698,665,661],"product_tag":[],"class_list":{"0":"post-76129","1":"product","2":"type-product","3":"status-publish","4":"has-post-thumbnail","6":"product_brand-evil-eye","7":"product_cat-bergsteigerbrille","8":"product_cat-gletscher","9":"product_cat-kletterbrille","10":"product_cat-ski-und-snowboardbrillen","11":"product_cat-skilanglauf","12":"product_cat-wandern","13":"pa_geschikt-voor-frauen","14":"pa_geschikt-voor-manner","15":"pa_kleur-montuur-schwarz","16":"pa_maat-montuur-gross","17":"pa_maat-montuur-medium","18":"pa_soort-bril-op-sterkte-mit-sehstaerke","19":"pa_soort-bril-op-sterkte-ohne-sehstaerke","21":"first","22":"instock","23":"shipping-taxable","24":"purchasable","25":"product-type-variable"},"_links":{"self":[{"href":"https:\/\/specialspex.artitex.dev\/de\/wp-json\/wp\/v2\/product\/76129","targetHints":{"allow":["GET"]}}],"collection":[{"href":"https:\/\/specialspex.artitex.dev\/de\/wp-json\/wp\/v2\/product"}],"about":[{"href":"https:\/\/specialspex.artitex.dev\/de\/wp-json\/wp\/v2\/types\/product"}],"wp:featuredmedia":[{"embeddable":true,"href":"https:\/\/specialspex.artitex.dev\/de\/wp-json\/wp\/v2\/media\/66560"}],"wp:attachment":[{"href":"https:\/\/specialspex.artitex.dev\/de\/wp-json\/wp\/v2\/media?parent=76129"}],"wp:term":[{"taxonomy":"product_brand","embeddable":true,"href":"https:\/\/specialspex.artitex.dev\/de\/wp-json\/wp\/v2\/product_brand?post=76129"},{"taxonomy":"product_cat","embeddable":true,"href":"https:\/\/specialspex.artitex.dev\/de\/wp-json\/wp\/v2\/product_cat?post=76129"},{"taxonomy":"product_tag","embeddable":true,"href":"https:\/\/specialspex.artitex.dev\/de\/wp-json\/wp\/v2\/product_tag?post=76129"}],"curies":[{"name":"wp","href":"https:\/\/api.w.org\/{rel}","templated":true}]}}