{"id":76131,"date":"2025-11-25T16:22:52","date_gmt":"2025-11-25T15:22:52","guid":{"rendered":"https:\/\/specialspex.artitex.dev\/product\/gi22-amadeus\/"},"modified":"2025-11-25T16:22:52","modified_gmt":"2025-11-25T15:22:52","slug":"gi22-amadeus","status":"publish","type":"product","link":"https:\/\/specialspex.artitex.dev\/de\/sportbrille\/gloryfy-gi22-amadeus\/","title":{"rendered":"Gi22 Amadeus"},"content":{"rendered":"<p data-start=\"188\" data-end=\"643\">Die Gloryfy Gi22 Amadeus ist eine unzerbrechliche Sport- und Lifestyle-Brille, die maximalen Schutz mit einem zeitlosen, stylischen Look kombiniert. Dank des flexiblen und nahezu unzerst\u00f6rbaren Materials bleiben sowohl der Rahmen als auch die Gl\u00e4ser bei St\u00f6\u00dfen, Biegungen oder extremer Belastung intakt. Die kontrastreiche Optik der Gl\u00e4ser sorgt f\u00fcr klare Sicht unter verschiedenen Bedingungen und macht diese Brille ideal f\u00fcr den Alltag, Reisen und sportliche Aktivit\u00e4ten.  <\/p>\n<p data-start=\"645\" data-end=\"919\">Die Gi22 wird in Tirol (\u00d6sterreich) hergestellt, wo Hightech-Fertigung und pr\u00e4zise Handarbeit f\u00fcr eine Brille von au\u00dfergew\u00f6hnlicher Qualit\u00e4t sorgen. Der stabile Sitz und das leichte Tragegef\u00fchl machen die Amadeus zu einem bequemen und zuverl\u00e4ssigen Begleiter f\u00fcr jeden Tag. <\/p>\n<p data-start=\"921\" data-end=\"1296\">- Unzerbrechliche Konstruktion und unzerbrechliche Gl\u00e4ser f\u00fcr maximale Sicherheit<br data-start=\"993\" data-end=\"996\">- Hoher Tragekomfort dank des flexiblen und leichten Materials<br data-start=\"1057\" data-end=\"1060\">- Helle, kontrastreiche Optik f\u00fcr Alltag und Sport<br data-start=\"1123\" data-end=\"1126\">- Zeitloses und vielseitiges Design f\u00fcr jede Gelegenheit<br data-start=\"1180\" data-end=\"1183\">- Erh\u00e4ltlich mit original Gloryfy Gl\u00e4sern, die in den Rahmen eingeschliffen sind<br data-start=\"1260\" data-end=\"1263\">- Hergestellt in Tirol (\u00d6sterreich)<\/p>\n","protected":false},"excerpt":{"rendered":"<p data-start=\"188\" data-end=\"643\">Die Gloryfy Gi22 Amadeus ist eine unzerbrechliche Sport- und Lifestyle-Brille, die maximalen Schutz mit einem zeitlosen, stylischen Look kombiniert. Dank des flexiblen und nahezu unzerst\u00f6rbaren Materials bleiben sowohl der Rahmen als auch die Gl\u00e4ser bei St\u00f6\u00dfen, Biegungen oder extremer Belastung intakt. Die kontrastreiche Optik der Gl\u00e4ser sorgt f\u00fcr klare Sicht unter verschiedenen Bedingungen und macht diese Brille ideal f\u00fcr den Alltag, Reisen und sportliche Aktivit\u00e4ten.  <\/p>\n<p data-start=\"645\" data-end=\"919\">Die Gi22 wird in Tirol (\u00d6sterreich) hergestellt, wo Hightech-Fertigung und pr\u00e4zise Handarbeit f\u00fcr eine Brille von au\u00dfergew\u00f6hnlicher Qualit\u00e4t sorgen. Der stabile Sitz und das leichte Tragegef\u00fchl machen die Amadeus zu einem bequemen und zuverl\u00e4ssigen Begleiter f\u00fcr jeden Tag. <\/p>\n<p data-start=\"921\" data-end=\"1296\">- Unzerbrechliche Konstruktion und unzerbrechliche Gl\u00e4ser f\u00fcr maximale Sicherheit<br data-start=\"993\" data-end=\"996\">- Hoher Tragekomfort dank des flexiblen und leichten Materials<br data-start=\"1057\" data-end=\"1060\">- Helle, kontrastreiche Optik f\u00fcr Alltag und Sport<br data-start=\"1123\" data-end=\"1126\">- Zeitloses und vielseitiges Design f\u00fcr jede Gelegenheit<br data-start=\"1180\" data-end=\"1183\">- Erh\u00e4ltlich mit original Gloryfy Gl\u00e4sern, die in den Rahmen eingeschliffen sind<br data-start=\"1260\" data-end=\"1263\">- Hergestellt in Tirol (\u00d6sterreich)<\/p>\n","protected":false},"featured_media":66525,"template":"","meta":[],"product_brand":[823],"product_cat":[584],"product_tag":[],"class_list":{"0":"post-76131","1":"product","2":"type-product","3":"status-publish","4":"has-post-thumbnail","6":"product_brand-gloryfy","7":"product_cat-sportbrille","8":"pa_geschikt-voor-frauen","9":"pa_geschikt-voor-manner","10":"pa_kleur-montuur-blau","11":"pa_maat-montuur-klein","12":"pa_maat-montuur-medium","13":"pa_soort-bril-op-sterkte-mit-sehstaerke","14":"pa_soort-bril-op-sterkte-ohne-sehstaerke","16":"first","17":"instock","18":"shipping-taxable","19":"purchasable","20":"product-type-variable"},"_links":{"self":[{"href":"https:\/\/specialspex.artitex.dev\/de\/wp-json\/wp\/v2\/product\/76131","targetHints":{"allow":["GET"]}}],"collection":[{"href":"https:\/\/specialspex.artitex.dev\/de\/wp-json\/wp\/v2\/product"}],"about":[{"href":"https:\/\/specialspex.artitex.dev\/de\/wp-json\/wp\/v2\/types\/product"}],"wp:featuredmedia":[{"embeddable":true,"href":"https:\/\/specialspex.artitex.dev\/de\/wp-json\/wp\/v2\/media\/66525"}],"wp:attachment":[{"href":"https:\/\/specialspex.artitex.dev\/de\/wp-json\/wp\/v2\/media?parent=76131"}],"wp:term":[{"taxonomy":"product_brand","embeddable":true,"href":"https:\/\/specialspex.artitex.dev\/de\/wp-json\/wp\/v2\/product_brand?post=76131"},{"taxonomy":"product_cat","embeddable":true,"href":"https:\/\/specialspex.artitex.dev\/de\/wp-json\/wp\/v2\/product_cat?post=76131"},{"taxonomy":"product_tag","embeddable":true,"href":"https:\/\/specialspex.artitex.dev\/de\/wp-json\/wp\/v2\/product_tag?post=76131"}],"curies":[{"name":"wp","href":"https:\/\/api.w.org\/{rel}","templated":true}]}}