{"id":76135,"date":"2025-11-25T16:47:08","date_gmt":"2025-11-25T15:47:08","guid":{"rendered":"https:\/\/specialspex.artitex.dev\/product\/gi39-drive\/"},"modified":"2026-04-18T12:08:50","modified_gmt":"2026-04-18T10:08:50","slug":"gi39-drive","status":"publish","type":"product","link":"https:\/\/specialspex.artitex.dev\/de\/sportbrille\/gloryfy-gi39-drive\/","title":{"rendered":"Gi39 Drive"},"content":{"rendered":"<p data-start=\"269\" data-end=\"637\">Diese unzerbrechliche Sonnenbrille bietet maximalen Schutz und hohen Tragekomfort dank ihres geringen Gewichts und der individuell einstellbaren B\u00fcgel. Sie ist die ideale Brille f\u00fcr den Alltag, die Reise und die Freizeit. Die unzerbrechlichen, kontrastverst\u00e4rkenden Premium-Gl\u00e4ser sorgen f\u00fcr eine au\u00dfergew\u00f6hnlich klare Sichtqualit\u00e4t und eine zuverl\u00e4ssige Leistung bei unterschiedlichen Lichtverh\u00e4ltnissen.  <\/p>\n<p data-start=\"639\" data-end=\"856\">Die Gl\u00e4ser werden in Tirol (\u00d6sterreich) hergestellt, wo in der hauseigenen Gloryfy-Produktionsst\u00e4tte moderne Hightech-Technologie mit pr\u00e4ziser Handarbeit kombiniert wird - f\u00fcr kompromisslose Qualit\u00e4t und Haltbarkeit.<\/p>\n<p data-start=\"858\" data-end=\"1231\">- Unzerbrechliche Konstruktion und unzerbrechliche, kontrastverst\u00e4rkende Premium-Gl\u00e4ser<br data-start=\"933\" data-end=\"936\">- Ultraleichtes Design mit verstellbaren Beinen f\u00fcr hohen Tragekomfort<br data-start=\"1002\" data-end=\"1005\">- Klare, kontrastreiche Sicht bei allen Bedingungen<br data-start=\"1060\" data-end=\"1063\">- Kann mit verschreibungspflichtigen Gloryfy Original-Gl\u00e4sern, die in den Rahmen eingeschliffen sind, getragen werden<br data-start=\"1139\" data-end=\"1142\">- Ideal f\u00fcr Alltag, Reise und Freizeit<br data-start=\"1195\" data-end=\"1198\">- Hergestellt in Tirol (\u00d6sterreich)<\/p>\n","protected":false},"excerpt":{"rendered":"<p data-start=\"269\" data-end=\"637\">Diese unzerbrechliche Sonnenbrille bietet maximalen Schutz und hohen Tragekomfort dank ihres geringen Gewichts und der individuell einstellbaren B\u00fcgel. Sie ist die ideale Brille f\u00fcr den Alltag, die Reise und die Freizeit. Die unzerbrechlichen, kontrastverst\u00e4rkenden Premium-Gl\u00e4ser sorgen f\u00fcr eine au\u00dfergew\u00f6hnlich klare Sichtqualit\u00e4t und eine zuverl\u00e4ssige Leistung bei unterschiedlichen Lichtverh\u00e4ltnissen.  <\/p>\n<p data-start=\"639\" data-end=\"856\">Die Gl\u00e4ser werden in Tirol (\u00d6sterreich) hergestellt, wo in der hauseigenen Gloryfy-Produktionsst\u00e4tte moderne Hightech-Technologie mit pr\u00e4ziser Handarbeit kombiniert wird - f\u00fcr kompromisslose Qualit\u00e4t und Haltbarkeit.<\/p>\n<p data-start=\"858\" data-end=\"1231\">- Unzerbrechliche Konstruktion und unzerbrechliche, kontrastverst\u00e4rkende Premium-Gl\u00e4ser<br data-start=\"933\" data-end=\"936\">- Ultraleichtes Design mit verstellbaren Beinen f\u00fcr hohen Tragekomfort<br data-start=\"1002\" data-end=\"1005\">- Klare, kontrastreiche Sicht bei allen Bedingungen<br data-start=\"1060\" data-end=\"1063\">- Kann mit verschreibungspflichtigen Gloryfy Original-Gl\u00e4sern, die in den Rahmen eingeschliffen sind, getragen werden<br data-start=\"1139\" data-end=\"1142\">- Ideal f\u00fcr Alltag, Reise und Freizeit<br data-start=\"1195\" data-end=\"1198\">- Hergestellt in Tirol (\u00d6sterreich)<\/p>\n","protected":false},"featured_media":66548,"template":"","meta":[],"product_brand":[823],"product_cat":[584],"product_tag":[],"class_list":{"0":"post-76135","1":"product","2":"type-product","3":"status-publish","4":"has-post-thumbnail","6":"product_brand-gloryfy","7":"product_cat-sportbrille","8":"pa_geschikt-voor-frauen","9":"pa_geschikt-voor-manner","10":"pa_kleur-montuur-braun","11":"pa_kleur-montuur-schwarz","12":"pa_soort-bril-op-sterkte-mit-sehstaerke","13":"pa_soort-bril-op-sterkte-ohne-sehstaerke","15":"first","16":"instock","17":"shipping-taxable","18":"purchasable","19":"product-type-variable"},"_links":{"self":[{"href":"https:\/\/specialspex.artitex.dev\/de\/wp-json\/wp\/v2\/product\/76135","targetHints":{"allow":["GET"]}}],"collection":[{"href":"https:\/\/specialspex.artitex.dev\/de\/wp-json\/wp\/v2\/product"}],"about":[{"href":"https:\/\/specialspex.artitex.dev\/de\/wp-json\/wp\/v2\/types\/product"}],"wp:featuredmedia":[{"embeddable":true,"href":"https:\/\/specialspex.artitex.dev\/de\/wp-json\/wp\/v2\/media\/66548"}],"wp:attachment":[{"href":"https:\/\/specialspex.artitex.dev\/de\/wp-json\/wp\/v2\/media?parent=76135"}],"wp:term":[{"taxonomy":"product_brand","embeddable":true,"href":"https:\/\/specialspex.artitex.dev\/de\/wp-json\/wp\/v2\/product_brand?post=76135"},{"taxonomy":"product_cat","embeddable":true,"href":"https:\/\/specialspex.artitex.dev\/de\/wp-json\/wp\/v2\/product_cat?post=76135"},{"taxonomy":"product_tag","embeddable":true,"href":"https:\/\/specialspex.artitex.dev\/de\/wp-json\/wp\/v2\/product_tag?post=76135"}],"curies":[{"name":"wp","href":"https:\/\/api.w.org\/{rel}","templated":true}]}}