{"id":76153,"date":"2026-03-17T15:36:35","date_gmt":"2026-03-17T14:36:35","guid":{"rendered":"https:\/\/specialspex.artitex.dev\/product\/julbo-session-mtb-j76811142-spectron-2\/"},"modified":"2026-03-17T15:36:35","modified_gmt":"2026-03-17T14:36:35","slug":"julbo-session-mtb-j76811142-spectron-2","status":"publish","type":"product","link":"https:\/\/specialspex.artitex.dev\/de\/motorradbrille\/enduro-cross\/julbo-session-mtb-j76811142-spectron-2\/","title":{"rendered":"Julbo SESSION MTB J76811142 Spectron 2"},"content":{"rendered":"<p>Die SESSION MTB-Schutzbrille profitiert von Julbos ganzer Kompetenz bei Schutzbrillen zu einem attraktiven Preis. Und das ohne Kompromisse beim Komfort, dank der beschlagfreien zylindrischen Scheibe und dem breiten Silikonband f\u00fcr einen perfekten Halt. Ein Abrei\u00dfsystem sorgt daf\u00fcr, dass deine Sicht auch bei super schlammigen Sessions gesch\u00fctzt bleibt.  <\/p>\n<p>Die Goggle wird mit Hilfe eines Einsatzclips an deine Sehst\u00e4rke angepasst. Du kannst die Gl\u00e4ser f\u00fcr diesen Clip ganz individuell anpassen. Im Preis der Schwimmbrille ist ein Clip mit Standard-Einst\u00e4rkengl\u00e4sern enthalten.  <\/p>\n","protected":false},"excerpt":{"rendered":"<p>Die SESSION MTB-Schutzbrille profitiert von Julbos ganzer Kompetenz bei Schutzbrillen zu einem attraktiven Preis. Und das ohne Kompromisse beim Komfort, dank der beschlagfreien zylindrischen Scheibe und dem breiten Silikonband f\u00fcr einen perfekten Halt. Ein Abrei\u00dfsystem sorgt daf\u00fcr, dass deine Sicht auch bei super schlammigen Sessions gesch\u00fctzt bleibt. Die Goggle wird mit Hilfe eines Einsatzclips an &hellip; <a href=\"https:\/\/specialspex.artitex.dev\/de\/motorradbrille\/enduro-cross\/julbo-session-mtb-j76811142-spectron-2\/\">Fortsetzung<\/a><\/p>\n","protected":false},"featured_media":61714,"template":"","meta":[],"product_brand":[790],"product_cat":[659,741,638],"product_tag":[],"class_list":{"0":"post-76153","1":"product","2":"type-product","3":"status-publish","4":"has-post-thumbnail","6":"product_brand-julbo","7":"product_cat-motorradbrille","8":"product_cat-enduro-cross","9":"product_cat-mountainbiking","10":"pa_geschikt-voor-manner","11":"pa_kleur-montuur-schwarz","12":"pa_soort-bril-op-sterkte-with-prescription-insert","14":"first","15":"instock","16":"shipping-taxable","17":"purchasable","18":"product-type-simple"},"_links":{"self":[{"href":"https:\/\/specialspex.artitex.dev\/de\/wp-json\/wp\/v2\/product\/76153","targetHints":{"allow":["GET"]}}],"collection":[{"href":"https:\/\/specialspex.artitex.dev\/de\/wp-json\/wp\/v2\/product"}],"about":[{"href":"https:\/\/specialspex.artitex.dev\/de\/wp-json\/wp\/v2\/types\/product"}],"wp:featuredmedia":[{"embeddable":true,"href":"https:\/\/specialspex.artitex.dev\/de\/wp-json\/wp\/v2\/media\/61714"}],"wp:attachment":[{"href":"https:\/\/specialspex.artitex.dev\/de\/wp-json\/wp\/v2\/media?parent=76153"}],"wp:term":[{"taxonomy":"product_brand","embeddable":true,"href":"https:\/\/specialspex.artitex.dev\/de\/wp-json\/wp\/v2\/product_brand?post=76153"},{"taxonomy":"product_cat","embeddable":true,"href":"https:\/\/specialspex.artitex.dev\/de\/wp-json\/wp\/v2\/product_cat?post=76153"},{"taxonomy":"product_tag","embeddable":true,"href":"https:\/\/specialspex.artitex.dev\/de\/wp-json\/wp\/v2\/product_tag?post=76153"}],"curies":[{"name":"wp","href":"https:\/\/api.w.org\/{rel}","templated":true}]}}