{"id":76157,"date":"2026-03-13T10:36:21","date_gmt":"2026-03-13T09:36:21","guid":{"rendered":"https:\/\/specialspex.artitex.dev\/product\/impact-large\/"},"modified":"2026-04-18T12:07:44","modified_gmt":"2026-04-18T10:07:44","slug":"impact-large","status":"publish","type":"product","link":"https:\/\/specialspex.artitex.dev\/de\/sportbrille\/ballsport\/leader-impact-large\/","title":{"rendered":"Impact Large"},"content":{"rendered":"<p data-start=\"36\" data-end=\"345\">Diese Sportbrille ist speziell f\u00fcr Ballsportarten wie Volleyball, Squash und Tennis konzipiert. Der robuste Rahmen mit Silikoneins\u00e4tzen sch\u00fctzt den Augenbereich bei seitlichen und frontalen St\u00f6\u00dfen. Gleichzeitig bleibt die Brille bei schnellen Bewegungen auf dem Platz bequem und stabil.  <\/p>\n<p data-start=\"347\" data-end=\"662\" data-is-last-node=\"\" data-is-only-node=\"\">Hauptmerkmale<br data-start=\"370\" data-end=\"373\">- Stabiler Sportrahmen f\u00fcr zus\u00e4tzlichen Schutz<br data-start=\"415\" data-end=\"418\" data-is-only-node=\"\">- Silikoneins\u00e4tze zum Schutz beim Aufprall<br data-start=\"469\" data-end=\"472\">- Gute Bel\u00fcftung bei intensivem Training<br data-start=\"520\" data-end=\"523\">- Stabile und bequeme Passform<br data-start=\"557\" data-end=\"560\">- Mit verschreibungspflichtiger Sportbrille m\u00f6glich<br data-start=\"597\" data-end=\"600\">- Geeignet f\u00fcr Volleyball, Squash, Tennis und andere sto\u00dffeste Sportarten<\/p>\n","protected":false},"excerpt":{"rendered":"<p data-start=\"36\" data-end=\"345\">Diese Sportbrille ist speziell f\u00fcr Ballsportarten wie Volleyball, Squash und Tennis konzipiert. Der robuste Rahmen mit Silikoneins\u00e4tzen sch\u00fctzt den Augenbereich bei seitlichen und frontalen St\u00f6\u00dfen. Gleichzeitig bleibt die Brille bei schnellen Bewegungen auf dem Platz bequem und stabil.  <\/p>\n<p data-start=\"347\" data-end=\"662\" data-is-last-node=\"\" data-is-only-node=\"\">Hauptmerkmale<br data-start=\"370\" data-end=\"373\">- Stabiler Sportrahmen f\u00fcr zus\u00e4tzlichen Schutz<br data-start=\"415\" data-end=\"418\" data-is-only-node=\"\">- Silikoneins\u00e4tze zum Schutz beim Aufprall<br data-start=\"469\" data-end=\"472\">- Gute Bel\u00fcftung bei intensivem Training<br data-start=\"520\" data-end=\"523\">- Stabile und bequeme Passform<br data-start=\"557\" data-end=\"560\">- Mit verschreibungspflichtiger Sportbrille m\u00f6glich<br data-start=\"597\" data-end=\"600\">- Geeignet f\u00fcr Volleyball, Squash, Tennis und andere sto\u00dffeste Sportarten<\/p>\n","protected":false},"featured_media":73594,"template":"","meta":[],"product_brand":[830,783],"product_cat":[584,590,585,589,586,591,593,587,588,592],"product_tag":[],"class_list":{"0":"post-76157","1":"product","2":"type-product","3":"status-publish","4":"has-post-thumbnail","6":"product_brand-leader","7":"product_brand-specialspex","8":"product_cat-sportbrille","9":"product_cat-ballsport","10":"product_cat-basketball","11":"product_cat-fussballbrille","12":"product_cat-hockey","13":"product_cat-padel","14":"product_cat-racket-sportarten","15":"product_cat-squash","16":"product_cat-tennis","17":"product_cat-volleyball","18":"pa_geschikt-voor-frauen","19":"pa_geschikt-voor-sportbrillen-fuer-kinder","20":"pa_kleur-montuur-transparent-klar","21":"pa_maat-montuur-breit","22":"pa_maat-montuur-junge-erwachsene-10-16-jahre","23":"pa_soort-bril-op-sterkte-geeignet-fuer-hohe-staerken","24":"pa_soort-bril-op-sterkte-mit-sehstaerke","26":"first","27":"instock","28":"shipping-taxable","29":"purchasable","30":"product-type-variable"},"_links":{"self":[{"href":"https:\/\/specialspex.artitex.dev\/de\/wp-json\/wp\/v2\/product\/76157","targetHints":{"allow":["GET"]}}],"collection":[{"href":"https:\/\/specialspex.artitex.dev\/de\/wp-json\/wp\/v2\/product"}],"about":[{"href":"https:\/\/specialspex.artitex.dev\/de\/wp-json\/wp\/v2\/types\/product"}],"wp:featuredmedia":[{"embeddable":true,"href":"https:\/\/specialspex.artitex.dev\/de\/wp-json\/wp\/v2\/media\/73594"}],"wp:attachment":[{"href":"https:\/\/specialspex.artitex.dev\/de\/wp-json\/wp\/v2\/media?parent=76157"}],"wp:term":[{"taxonomy":"product_brand","embeddable":true,"href":"https:\/\/specialspex.artitex.dev\/de\/wp-json\/wp\/v2\/product_brand?post=76157"},{"taxonomy":"product_cat","embeddable":true,"href":"https:\/\/specialspex.artitex.dev\/de\/wp-json\/wp\/v2\/product_cat?post=76157"},{"taxonomy":"product_tag","embeddable":true,"href":"https:\/\/specialspex.artitex.dev\/de\/wp-json\/wp\/v2\/product_tag?post=76157"}],"curies":[{"name":"wp","href":"https:\/\/api.w.org\/{rel}","templated":true}]}}