{"id":76159,"date":"2026-03-05T15:01:42","date_gmt":"2026-03-05T14:01:42","guid":{"rendered":"https:\/\/specialspex.artitex.dev\/product\/robby\/"},"modified":"2026-03-05T15:01:42","modified_gmt":"2026-03-05T14:01:42","slug":"robby","status":"publish","type":"product","link":"https:\/\/specialspex.artitex.dev\/de\/sportbrille\/laufen\/specialspex-robby\/","title":{"rendered":"Robby"},"content":{"rendered":"<p data-start=\"30\" data-end=\"310\">Die Robby ist eine Sportbrille mit einem robusten Rahmen, der Stabilit\u00e4t und Schutz bei intensiven Aktivit\u00e4ten bietet. Dank der verstellbaren Nasenauflage bleibt die Brille bequem und sicher. Ideal zum Radfahren, Laufen und f\u00fcr andere sportliche Herausforderungen.  <\/p>\n<p data-start=\"312\" data-end=\"587\" data-is-last-node=\"\" data-is-only-node=\"\">Hauptmerkmale<br data-start=\"335\" data-end=\"338\">- Robuster Sportrahmen f\u00fcr Stabilit\u00e4t und Schutz<br data-start=\"390\" data-end=\"393\" data-is-only-node=\"\">- Verstellbare Nasenst\u00fctze f\u00fcr eine individuelle Passform<br data-start=\"446\" data-end=\"449\">- Gute Bel\u00fcftung bei Anstrengung<br data-start=\"486\" data-end=\"489\">- Anlegen der St\u00e4rke mit Clip-in m\u00f6glich<br data-start=\"522\" data-end=\"525\">- Geeignet f\u00fcr Radfahren, Laufen und andere sportliche Aktivit\u00e4ten<\/p>\n<p>&nbsp;<\/p>\n","protected":false},"excerpt":{"rendered":"<p data-start=\"30\" data-end=\"310\">Die Robby ist eine Sportbrille mit einem robusten Rahmen, der Stabilit\u00e4t und Schutz bei intensiven Aktivit\u00e4ten bietet. Dank der verstellbaren Nasenauflage bleibt die Brille bequem und sicher. Ideal zum Radfahren, Laufen und f\u00fcr andere sportliche Herausforderungen.  <\/p>\n<p data-start=\"312\" data-end=\"587\" data-is-last-node=\"\" data-is-only-node=\"\">Hauptmerkmale<br data-start=\"335\" data-end=\"338\">- Robuster Sportrahmen f\u00fcr Stabilit\u00e4t und Schutz<br data-start=\"390\" data-end=\"393\" data-is-only-node=\"\">- Verstellbare Nasenst\u00fctze f\u00fcr eine individuelle Passform<br data-start=\"446\" data-end=\"449\">- Gute Bel\u00fcftung bei Anstrengung<br data-start=\"486\" data-end=\"489\">- Anlegen der St\u00e4rke mit Clip-in m\u00f6glich<br data-start=\"522\" data-end=\"525\">- Geeignet f\u00fcr Radfahren, Laufen und andere sportliche Aktivit\u00e4ten<\/p>\n","protected":false},"featured_media":73269,"template":"","meta":[],"product_brand":[783],"product_cat":[584,560,638,561,559],"product_tag":[],"class_list":{"0":"post-76159","1":"product","2":"type-product","3":"status-publish","4":"has-post-thumbnail","6":"product_brand-specialspex","7":"product_cat-sportbrille","8":"product_cat-laufen","9":"product_cat-mountainbiking","10":"product_cat-radfahren","11":"product_cat-radfahrerbrille","12":"pa_geschikt-voor-frauen","13":"pa_geschikt-voor-manner","14":"pa_kleur-montuur-schwarz-2","15":"pa_kleur-montuur-schwarz","16":"pa_maat-montuur-gross","17":"pa_maat-montuur-medium","18":"pa_soort-bril-op-sterkte-with-prescription-insert","20":"first","21":"instock","22":"shipping-taxable","23":"purchasable","24":"product-type-variable"},"_links":{"self":[{"href":"https:\/\/specialspex.artitex.dev\/de\/wp-json\/wp\/v2\/product\/76159","targetHints":{"allow":["GET"]}}],"collection":[{"href":"https:\/\/specialspex.artitex.dev\/de\/wp-json\/wp\/v2\/product"}],"about":[{"href":"https:\/\/specialspex.artitex.dev\/de\/wp-json\/wp\/v2\/types\/product"}],"wp:featuredmedia":[{"embeddable":true,"href":"https:\/\/specialspex.artitex.dev\/de\/wp-json\/wp\/v2\/media\/73269"}],"wp:attachment":[{"href":"https:\/\/specialspex.artitex.dev\/de\/wp-json\/wp\/v2\/media?parent=76159"}],"wp:term":[{"taxonomy":"product_brand","embeddable":true,"href":"https:\/\/specialspex.artitex.dev\/de\/wp-json\/wp\/v2\/product_brand?post=76159"},{"taxonomy":"product_cat","embeddable":true,"href":"https:\/\/specialspex.artitex.dev\/de\/wp-json\/wp\/v2\/product_cat?post=76159"},{"taxonomy":"product_tag","embeddable":true,"href":"https:\/\/specialspex.artitex.dev\/de\/wp-json\/wp\/v2\/product_tag?post=76159"}],"curies":[{"name":"wp","href":"https:\/\/api.w.org\/{rel}","templated":true}]}}