{"id":76168,"date":"2025-12-02T17:02:27","date_gmt":"2025-12-02T16:02:27","guid":{"rendered":"https:\/\/specialspex.artitex.dev\/product\/frequency\/"},"modified":"2026-04-18T12:08:12","modified_gmt":"2026-04-18T10:08:12","slug":"frequency","status":"publish","type":"product","link":"https:\/\/specialspex.artitex.dev\/de\/sportbrille\/laufen\/julbo-frequency\/","title":{"rendered":"Frequency Reactiv"},"content":{"rendered":"<p data-start=\"40\" data-end=\"414\">Die Julbo Frequency ist f\u00fcr L\u00e4ufer und Radfahrer gemacht, die Geschwindigkeit mit Komfort und Schutz kombinieren. Diese Brille bietet eine Rundumsicht und ein stromlinienf\u00f6rmiges Design, das auch bei intensiven Aktivit\u00e4ten perfekt an seinem Platz bleibt. Die intelligente Bel\u00fcftung h\u00e4lt dich k\u00fchl, w\u00e4hrend der leichte und ergonomische Rahmen maximale Bewegungsfreiheit bietet.  <\/p>\n<p data-start=\"416\" data-end=\"708\" data-is-last-node=\"\" data-is-only-node=\"\"><br data-start=\"439\" data-end=\"442\">- Leichter und bequemer Rahmen, der gut an seinem Platz bleibt<br data-start=\"493\" data-end=\"496\" data-is-only-node=\"\">- Weitwinkelscheibe f\u00fcr Rundumsicht<br data-start=\"535\" data-end=\"538\">- Vorderes Bel\u00fcftungssystem gegen Beschlagen<br data-start=\"587\" data-end=\"590\">- Verschreibung \u00fcber Clip-in oder individuell angepasste Gl\u00e4ser m\u00f6glich<br data-start=\"641\" data-end=\"644\">- Geeignet f\u00fcr Trail Running, Radfahren und andere Outdoor-Aktivit\u00e4ten<\/p>\n<p>&nbsp;<\/p>\n","protected":false},"excerpt":{"rendered":"<p data-start=\"40\" data-end=\"414\">Die Julbo Frequency ist f\u00fcr L\u00e4ufer und Radfahrer gemacht, die Geschwindigkeit mit Komfort und Schutz kombinieren. Diese Brille bietet eine Rundumsicht und ein stromlinienf\u00f6rmiges Design, das auch bei intensiven Aktivit\u00e4ten perfekt an seinem Platz bleibt. Die intelligente Bel\u00fcftung h\u00e4lt dich k\u00fchl, w\u00e4hrend der leichte und ergonomische Rahmen maximale Bewegungsfreiheit bietet.  <\/p>\n<p data-start=\"416\" data-end=\"708\" data-is-last-node=\"\" data-is-only-node=\"\"><br data-start=\"439\" data-end=\"442\">- Leichter und komfortabler Rahmen, der gut an seinem Platz bleibt<br data-start=\"493\" data-end=\"496\" data-is-only-node=\"\">- Weitwinkelscheibe f\u00fcr Rundumsicht<br data-start=\"535\" data-end=\"538\">- Vorderes Bel\u00fcftungssystem gegen Beschlagen<br data-start=\"587\" data-end=\"590\">- Verschreibungspflichtig durch Clip-in oder individuell angepasste Gl\u00e4ser m\u00f6glich<br data-start=\"641\" data-end=\"644\">- Geeignet f\u00fcr Trailrunning, Radfahren und andere Outdoor-Aktivit\u00e4ten<\/p>\n","protected":false},"featured_media":70377,"template":"","meta":[],"product_brand":[790],"product_cat":[584,560,561,559],"product_tag":[],"class_list":{"0":"post-76168","1":"product","2":"type-product","3":"status-publish","4":"has-post-thumbnail","6":"product_brand-julbo","7":"product_cat-sportbrille","8":"product_cat-laufen","9":"product_cat-radfahren","10":"product_cat-radfahrerbrille","11":"pa_geschikt-voor-frauen","12":"pa_geschikt-voor-manner","13":"pa_kleur-montuur-blau","14":"pa_kleur-montuur-schwarz","15":"pa_maat-montuur-extra-gros","16":"pa_soort-bril-op-sterkte-mit-korrektionsglaesern-im-visier","17":"pa_soort-bril-op-sterkte-with-prescription-insert","19":"first","20":"instock","21":"shipping-taxable","22":"purchasable","23":"product-type-variable"},"_links":{"self":[{"href":"https:\/\/specialspex.artitex.dev\/de\/wp-json\/wp\/v2\/product\/76168","targetHints":{"allow":["GET"]}}],"collection":[{"href":"https:\/\/specialspex.artitex.dev\/de\/wp-json\/wp\/v2\/product"}],"about":[{"href":"https:\/\/specialspex.artitex.dev\/de\/wp-json\/wp\/v2\/types\/product"}],"wp:featuredmedia":[{"embeddable":true,"href":"https:\/\/specialspex.artitex.dev\/de\/wp-json\/wp\/v2\/media\/70377"}],"wp:attachment":[{"href":"https:\/\/specialspex.artitex.dev\/de\/wp-json\/wp\/v2\/media?parent=76168"}],"wp:term":[{"taxonomy":"product_brand","embeddable":true,"href":"https:\/\/specialspex.artitex.dev\/de\/wp-json\/wp\/v2\/product_brand?post=76168"},{"taxonomy":"product_cat","embeddable":true,"href":"https:\/\/specialspex.artitex.dev\/de\/wp-json\/wp\/v2\/product_cat?post=76168"},{"taxonomy":"product_tag","embeddable":true,"href":"https:\/\/specialspex.artitex.dev\/de\/wp-json\/wp\/v2\/product_tag?post=76168"}],"curies":[{"name":"wp","href":"https:\/\/api.w.org\/{rel}","templated":true}]}}