{"id":76173,"date":"2025-12-02T16:17:23","date_gmt":"2025-12-02T15:17:23","guid":{"rendered":"https:\/\/specialspex.artitex.dev\/product\/gyron-optische-clip\/"},"modified":"2026-04-18T12:08:15","modified_gmt":"2026-04-18T10:08:15","slug":"gyron-optische-clip","status":"publish","type":"product","link":"https:\/\/specialspex.artitex.dev\/de\/optischer-clip\/gyron-optische-clip\/","title":{"rendered":"Gyron Optische clip"},"content":{"rendered":"<p>Das Gyron Optic Set ist ideal f\u00fcr Menschen, die im Alltag eine Brille tragen. Wenn du das Optic Set zu deiner Gyron Typhoon oder Hurricane hinzuf\u00fcgst, wird deine normale Gyron Sportbrille zu einer Korrektionsbrille. So kannst du deine Sportbrille zusammen mit klarer Sicht auf dem Rad genie\u00dfen!<br \/>\nGeeignet f\u00fcr Korrektionsgl\u00e4ser, geeignet f\u00fcr Gl\u00e4ser mit Dioptrien von -6 bis +6<br \/>\nPasst auf verschiedene Gyron Typhoon oder Hurricane Radbrillenfassungen  <\/p>\n<p>&nbsp;<\/p>\n<p>F\u00fcge der Bestellung hier einfach dein Rezept hinzu und schlie\u00dfe sie sofort ab. Du kannst im Gl\u00e4sersortiment auf Gleitsichtgl\u00e4ser (mit Leseteil) und eine Antibeschlagbeschichtung aufr\u00fcsten. <\/p>\n<p data-start=\"224\" data-end=\"387\">M\u00f6chtest du sowohl die Brille als auch den Clip bestellen? W\u00e4hle zuerst die Brille in der verschreibungspflichtigen Version. Dann f\u00fcge im Konfigurationsprogramm einfach den Clip hinzu.  <\/p>\n<p data-start=\"389\" data-end=\"506\" data-is-last-node=\"\" data-is-only-node=\"\">Du m\u00f6chtest nur den Clip und die Gl\u00e4ser lieber von deinem eigenen Optiker anpassen lassen? Dann bestelle den Clip ohne das Rezept. <\/p>\n","protected":false},"excerpt":{"rendered":"<p>Das Gyron Optic Set ist ideal f\u00fcr Menschen, die im Alltag eine Brille tragen. Indem du das Optic Set zu deiner Gyron Typhoon oder Hurricane hinzuf\u00fcgst, kannst du deine normale Gyron Sportbrille in eine Korrektionsbrille verwandeln. So kannst du deine Sportbrille auf dem Rad zusammen mit klarer Sicht genie\u00dfen!<br \/>\nGeeignet f\u00fcr Korrektionsgl\u00e4ser, geeignet f\u00fcr Gl\u00e4ser mit Dioptrien von -6 bis +6<br \/>\nPasst auf verschiedene Gyron Typhoon oder Hurricane Radbrillenfassungen  <\/p>\n<p>&nbsp;<\/p>\n<p>F\u00fcge der Bestellung hier einfach dein Rezept hinzu und schlie\u00dfe sie sofort ab. Du kannst im Gl\u00e4sersortiment auf Gleitsichtgl\u00e4ser (mit Leseteil) und eine Antibeschlagbeschichtung aufr\u00fcsten. <\/p>\n<p data-start=\"224\" data-end=\"387\">M\u00f6chtest du sowohl die Brille als auch den Clip bestellen? W\u00e4hle zuerst die Brille in der verschreibungspflichtigen Version. Dann f\u00fcge im Konfigurationsprogramm einfach den Clip hinzu.  <\/p>\n<p data-start=\"389\" data-end=\"506\" data-is-last-node=\"\" data-is-only-node=\"\">Willst du nur den Clip und l\u00e4sst die Gl\u00e4ser lieber von deinem Optiker anpassen? Dann bestelle den Clip ohne das Rezept. <\/p>\n","protected":false},"featured_media":61150,"template":"","meta":[],"product_brand":[812],"product_cat":[682],"product_tag":[],"class_list":{"0":"post-76173","1":"product","2":"type-product","3":"status-publish","4":"has-post-thumbnail","6":"product_brand-gyron","7":"product_cat-optischer-clip","8":"pa_geschikt-voor-frauen","9":"pa_geschikt-voor-manner","11":"first","12":"instock","13":"shipping-taxable","14":"purchasable","15":"product-type-simple"},"_links":{"self":[{"href":"https:\/\/specialspex.artitex.dev\/de\/wp-json\/wp\/v2\/product\/76173","targetHints":{"allow":["GET"]}}],"collection":[{"href":"https:\/\/specialspex.artitex.dev\/de\/wp-json\/wp\/v2\/product"}],"about":[{"href":"https:\/\/specialspex.artitex.dev\/de\/wp-json\/wp\/v2\/types\/product"}],"wp:featuredmedia":[{"embeddable":true,"href":"https:\/\/specialspex.artitex.dev\/de\/wp-json\/wp\/v2\/media\/61150"}],"wp:attachment":[{"href":"https:\/\/specialspex.artitex.dev\/de\/wp-json\/wp\/v2\/media?parent=76173"}],"wp:term":[{"taxonomy":"product_brand","embeddable":true,"href":"https:\/\/specialspex.artitex.dev\/de\/wp-json\/wp\/v2\/product_brand?post=76173"},{"taxonomy":"product_cat","embeddable":true,"href":"https:\/\/specialspex.artitex.dev\/de\/wp-json\/wp\/v2\/product_cat?post=76173"},{"taxonomy":"product_tag","embeddable":true,"href":"https:\/\/specialspex.artitex.dev\/de\/wp-json\/wp\/v2\/product_tag?post=76173"}],"curies":[{"name":"wp","href":"https:\/\/api.w.org\/{rel}","templated":true}]}}