{"id":76178,"date":"2025-11-28T17:01:21","date_gmt":"2025-11-28T16:01:21","guid":{"rendered":"https:\/\/specialspex.artitex.dev\/product\/compass\/"},"modified":"2026-04-18T12:08:23","modified_gmt":"2026-04-18T10:08:23","slug":"compass","status":"publish","type":"product","link":"https:\/\/specialspex.artitex.dev\/de\/sportbrille\/bergsteigerbrille\/julbo-compass\/","title":{"rendered":"Compass"},"content":{"rendered":"<p data-start=\"209\" data-end=\"549\">Die COMPASS bringt deine Outdoor-Abenteuer auf die n\u00e4chste Stufe. Diese vielseitige Multisportbrille wurde f\u00fcr einen aktiven Lebensstil entwickelt und bietet einen sicheren, bequemen Sitz bei jeder Bewegung. Ideal f\u00fcr Abenteuer auf See und an Land, mit einem dezenten nautischen Look und zuverl\u00e4ssiger Leistung - auch an windigen Tagen.  <\/p>\n<p data-start=\"551\" data-end=\"924\"><br data-start=\"578\" data-end=\"581\">- Leichter Sportrahmen mit sicherem Sitz<br data-start=\"628\" data-end=\"631\">- Gebogene B\u00fcgel und Nasenauflage aus Gummi f\u00fcr zus\u00e4tzlichen Halt<br data-start=\"684\" data-end=\"687\">- Optionale polarisierende Gl\u00e4ser gegen st\u00f6rende Blendung<br data-start=\"754\" data-end=\"757\" data-is-only-node=\"\">- Kann mit leichten Sportgl\u00e4sern verschrieben werden<br data-start=\"807\" data-end=\"810\">- Auswahl an get\u00f6nten oder selbstt\u00f6nenden Gl\u00e4sern<br data-start=\"854\" data-end=\"857\">- Geeignet f\u00fcr Bootfahren, Wandern, Laufen und Outdoor-Aktivit\u00e4ten<\/p>\n<p>&nbsp;<\/p>\n","protected":false},"excerpt":{"rendered":"<p data-start=\"209\" data-end=\"549\">Die COMPASS bringt deine Outdoor-Abenteuer auf die n\u00e4chste Stufe. Diese vielseitige Multisportbrille wurde f\u00fcr einen aktiven Lebensstil entwickelt und bietet einen sicheren, bequemen Sitz bei jeder Bewegung. Ideal f\u00fcr Abenteuer auf See und an Land, mit einem dezenten nautischen Look und zuverl\u00e4ssiger Leistung - auch an windigen Tagen.  <\/p>\n<p data-start=\"551\" data-end=\"924\"><br data-start=\"578\" data-end=\"581\">- Leichter Sportrahmen mit sicherem Sitz<br data-start=\"628\" data-end=\"631\">- Gebogene B\u00fcgel und Nasenauflage aus Gummi f\u00fcr zus\u00e4tzlichen Halt<br data-start=\"684\" data-end=\"687\">- Optionale polarisierende Gl\u00e4ser gegen st\u00f6rende Blendung<br data-start=\"754\" data-end=\"757\" data-is-only-node=\"\">- Kann mit leichten Sportgl\u00e4sern verschrieben werden<br data-start=\"807\" data-end=\"810\">- Auswahl an get\u00f6nten oder selbstt\u00f6nenden Gl\u00e4sern<br data-start=\"854\" data-end=\"857\">- Geeignet f\u00fcr Bootfahren, Wandern, Laufen und Outdoor-Aktivit\u00e4ten<\/p>\n","protected":false},"featured_media":68742,"template":"","meta":[],"product_brand":[790],"product_cat":[658,699,661],"product_tag":[],"class_list":{"0":"post-76178","1":"product","2":"type-product","3":"status-publish","4":"has-post-thumbnail","6":"product_brand-julbo","7":"product_cat-bergsteigerbrille","8":"product_cat-gletscher","9":"product_cat-wandern","10":"pa_geschikt-voor-frauen","11":"pa_geschikt-voor-manner","12":"pa_kleur-montuur-blau","13":"pa_kleur-montuur-braun","14":"pa_kleur-montuur-schwarz","15":"pa_kleur-montuur-transparent-klar","16":"pa_maat-montuur-extra-gros","17":"pa_maat-montuur-gross","18":"pa_soort-bril-op-sterkte-mit-sehstaerke","19":"pa_soort-bril-op-sterkte-ohne-sehstaerke","21":"first","22":"instock","23":"shipping-taxable","24":"purchasable","25":"product-type-variable"},"_links":{"self":[{"href":"https:\/\/specialspex.artitex.dev\/de\/wp-json\/wp\/v2\/product\/76178","targetHints":{"allow":["GET"]}}],"collection":[{"href":"https:\/\/specialspex.artitex.dev\/de\/wp-json\/wp\/v2\/product"}],"about":[{"href":"https:\/\/specialspex.artitex.dev\/de\/wp-json\/wp\/v2\/types\/product"}],"wp:featuredmedia":[{"embeddable":true,"href":"https:\/\/specialspex.artitex.dev\/de\/wp-json\/wp\/v2\/media\/68742"}],"wp:attachment":[{"href":"https:\/\/specialspex.artitex.dev\/de\/wp-json\/wp\/v2\/media?parent=76178"}],"wp:term":[{"taxonomy":"product_brand","embeddable":true,"href":"https:\/\/specialspex.artitex.dev\/de\/wp-json\/wp\/v2\/product_brand?post=76178"},{"taxonomy":"product_cat","embeddable":true,"href":"https:\/\/specialspex.artitex.dev\/de\/wp-json\/wp\/v2\/product_cat?post=76178"},{"taxonomy":"product_tag","embeddable":true,"href":"https:\/\/specialspex.artitex.dev\/de\/wp-json\/wp\/v2\/product_tag?post=76178"}],"curies":[{"name":"wp","href":"https:\/\/api.w.org\/{rel}","templated":true}]}}